{"id":1703,"date":"2020-05-01T17:10:58","date_gmt":"2020-05-01T21:10:58","guid":{"rendered":"https:\/\/www.clsottawa.ca\/?page_id=1703"},"modified":"2026-04-10T13:01:37","modified_gmt":"2026-04-10T17:01:37","slug":"media","status":"publish","type":"page","link":"https:\/\/www.clsottawa.ca\/fr\/media\/","title":{"rendered":"M\u00e9dia"},"content":{"rendered":"\n<h2>Pour toutes demandes m\u00e9diatiques, veuillez contacter:<\/h2>\n<p>Clarisse Titus, <span data-color=\"&quot;cmyk(99,89,32,22)&quot;\" data-size=\"{&quot;value&quot;:8}\">Directrice g\u00e9n\u00e9rale<\/span><br \/>T\u00e9l\u00e9phone: 613-733-0140 x 6022<\/p>\n<h2>Pour toutes demandes m\u00e9diatiques reli\u00e9es au droit, plus pr\u00e9cis\u00e9ment les domaines de droit suivants, veuillez contacter:<\/h2>\n<h3>Soutien du revenu:<\/h3>\n<p>Nick Churchman, Avocat<br \/>&#x2666; T\u00e9l\u00e9phone: 613-733-0140 x 4023<\/p>\n<h3>Droit du logement pour locataires:<\/h3>\n<p>Sarah Sproule, <span data-color=\"&quot;cmyk(99,89,32,22)&quot;\" data-size=\"{&quot;value&quot;:8}\">Directrice des services juridiques<\/span><br \/><a href=\"mailto:sarah.sproule@clso.clcj.ca\">sarah.sproule@clso.clcj.ca<\/a> &#x2666; T\u00e9l\u00e9phone: 613-733-0140 x 5223<\/p>\n<h3>Droit de l\u2019immigration et droits des r\u00e9fugi\u00e9s:<\/h3>\n<p><span class=\"cf0\">Nadine Edirmanasinghe<\/span>, Avocate<br \/><a href=\"mailto:nadine.edirmanasinghe@clso.clcj.ca\">nadine.edirmanasinghe@clso.clcj.ca<\/a><\/p>\n<p>\u00a0<\/p>\n\n\n\n\n","protected":false},"excerpt":{"rendered":"<p>Pour toutes demandes m\u00e9diatiques, veuillez contacter:<br \/>\nClarisse Titus, Directrice g\u00e9n\u00e9rale<br \/>T\u00e9l\u00e9phone: 613-733-0140 x 6022<br \/>\nPour toutes demandes m\u00e9diatiques reli\u00e9es au droit, plus pr\u00e9cis\u00e9ment les domaines de droit suivants, veuillez contacter:<br \/>\nSoutien du revenu:<br \/>\nNick Churchman, Avocat<br \/>&#x2666; T\u00e9l\u00e9phone: 613-733-0140 x 4023<br \/>\nDroit du logement pour locataires:<br \/>\nSarah Sproule, Directrice des services juridiques<br \/><a href=\"mailto:sarah.sproule@clso.clcj.ca\">sarah.sproule@clso.clcj.ca<\/a> &#x2666;<\/p>\n","protected":false},"author":5,"featured_media":0,"parent":0,"menu_order":0,"comment_status":"closed","ping_status":"closed","template":"","meta":{"footnotes":""},"class_list":["post-1703","page","type-page","status-publish","hentry"],"yoast_head":"<!-- This site is optimized with the Yoast SEO plugin v27.0 - https:\/\/yoast.com\/product\/yoast-seo-wordpress\/ -->\n<title>M\u00e9dia - Community Legal Services of Ottawa \/ Services juridiques communautaires d&#039;Ottawa<\/title>\n<meta name=\"robots\" content=\"index, follow, max-snippet:-1, max-image-preview:large, max-video-preview:-1\" \/>\n<link rel=\"canonical\" href=\"https:\/\/www.clsottawa.ca\/fr\/media\/\" \/>\n<meta property=\"og:locale\" content=\"fr_FR\" \/>\n<meta property=\"og:type\" content=\"article\" \/>\n<meta property=\"og:title\" content=\"M\u00e9dia - Community Legal Services of Ottawa \/ Services juridiques communautaires d&#039;Ottawa\" \/>\n<meta property=\"og:description\" content=\"Pour toutes demandes m\u00e9diatiques, veuillez contacter: Clarisse Titus, Directrice g\u00e9n\u00e9raleT\u00e9l\u00e9phone: 613-733-0140 x 6022 Pour toutes demandes m\u00e9diatiques reli\u00e9es au droit, plus pr\u00e9cis\u00e9ment les domaines de droit suivants, veuillez contacter: Soutien du revenu: Nick Churchman, Avocat&#x2666; T\u00e9l\u00e9phone: 613-733-0140 x 4023 Droit du logement pour locataires: Sarah Sproule, Directrice des services juridiquessarah.sproule@clso.clcj.ca &#x2666;\" \/>\n<meta property=\"og:url\" content=\"https:\/\/www.clsottawa.ca\/fr\/media\/\" \/>\n<meta property=\"og:site_name\" content=\"Community Legal Services of Ottawa \/ Services juridiques communautaires d&#039;Ottawa\" \/>\n<meta property=\"article:modified_time\" content=\"2026-04-10T17:01:37+00:00\" \/>\n<meta name=\"twitter:card\" content=\"summary_large_image\" \/>\n<meta name=\"twitter:label1\" content=\"Dur\u00e9e de lecture estim\u00e9e\" \/>\n\t<meta name=\"twitter:data1\" content=\"1 minute\" \/>\n<script type=\"application\/ld+json\" class=\"yoast-schema-graph\">{\"@context\":\"https:\/\/schema.org\",\"@graph\":[{\"@type\":\"WebPage\",\"@id\":\"https:\/\/www.clsottawa.ca\/fr\/media\/\",\"url\":\"https:\/\/www.clsottawa.ca\/fr\/media\/\",\"name\":\"M\u00e9dia - Community Legal Services of Ottawa \/ Services juridiques communautaires d&#039;Ottawa\",\"isPartOf\":{\"@id\":\"https:\/\/www.clsottawa.ca\/#website\"},\"datePublished\":\"2020-05-01T21:10:58+00:00\",\"dateModified\":\"2026-04-10T17:01:37+00:00\",\"breadcrumb\":{\"@id\":\"https:\/\/www.clsottawa.ca\/fr\/media\/#breadcrumb\"},\"inLanguage\":\"fr-FR\",\"potentialAction\":[{\"@type\":\"ReadAction\",\"target\":[\"https:\/\/www.clsottawa.ca\/fr\/media\/\"]}]},{\"@type\":\"BreadcrumbList\",\"@id\":\"https:\/\/www.clsottawa.ca\/fr\/media\/#breadcrumb\",\"itemListElement\":[{\"@type\":\"ListItem\",\"position\":1,\"name\":\"Home\",\"item\":\"https:\/\/www.clsottawa.ca\/fr\/\"},{\"@type\":\"ListItem\",\"position\":2,\"name\":\"M\u00e9dia\"}]},{\"@type\":\"WebSite\",\"@id\":\"https:\/\/www.clsottawa.ca\/#website\",\"url\":\"https:\/\/www.clsottawa.ca\/\",\"name\":\"Community Legal Services of Ottawa \/ Services juridiques communautaires d&#039;Ottawa\",\"description\":\"\",\"potentialAction\":[{\"@type\":\"SearchAction\",\"target\":{\"@type\":\"EntryPoint\",\"urlTemplate\":\"https:\/\/www.clsottawa.ca\/?s={search_term_string}\"},\"query-input\":{\"@type\":\"PropertyValueSpecification\",\"valueRequired\":true,\"valueName\":\"search_term_string\"}}],\"inLanguage\":\"fr-FR\"}]}<\/script>\n<!-- \/ Yoast SEO plugin. -->","yoast_head_json":{"title":"M\u00e9dia - Community Legal Services of Ottawa \/ Services juridiques communautaires d&#039;Ottawa","robots":{"index":"index","follow":"follow","max-snippet":"max-snippet:-1","max-image-preview":"max-image-preview:large","max-video-preview":"max-video-preview:-1"},"canonical":"https:\/\/www.clsottawa.ca\/fr\/media\/","og_locale":"fr_FR","og_type":"article","og_title":"M\u00e9dia - Community Legal Services of Ottawa \/ Services juridiques communautaires d&#039;Ottawa","og_description":"Pour toutes demandes m\u00e9diatiques, veuillez contacter: Clarisse Titus, Directrice g\u00e9n\u00e9raleT\u00e9l\u00e9phone: 613-733-0140 x 6022 Pour toutes demandes m\u00e9diatiques reli\u00e9es au droit, plus pr\u00e9cis\u00e9ment les domaines de droit suivants, veuillez contacter: Soutien du revenu: Nick Churchman, Avocat&#x2666; T\u00e9l\u00e9phone: 613-733-0140 x 4023 Droit du logement pour locataires: Sarah Sproule, Directrice des services juridiquessarah.sproule@clso.clcj.ca &#x2666;","og_url":"https:\/\/www.clsottawa.ca\/fr\/media\/","og_site_name":"Community Legal Services of Ottawa \/ Services juridiques communautaires d&#039;Ottawa","article_modified_time":"2026-04-10T17:01:37+00:00","twitter_card":"summary_large_image","twitter_misc":{"Dur\u00e9e de lecture estim\u00e9e":"1 minute"},"schema":{"@context":"https:\/\/schema.org","@graph":[{"@type":"WebPage","@id":"https:\/\/www.clsottawa.ca\/fr\/media\/","url":"https:\/\/www.clsottawa.ca\/fr\/media\/","name":"M\u00e9dia - Community Legal Services of Ottawa \/ Services juridiques communautaires d&#039;Ottawa","isPartOf":{"@id":"https:\/\/www.clsottawa.ca\/#website"},"datePublished":"2020-05-01T21:10:58+00:00","dateModified":"2026-04-10T17:01:37+00:00","breadcrumb":{"@id":"https:\/\/www.clsottawa.ca\/fr\/media\/#breadcrumb"},"inLanguage":"fr-FR","potentialAction":[{"@type":"ReadAction","target":["https:\/\/www.clsottawa.ca\/fr\/media\/"]}]},{"@type":"BreadcrumbList","@id":"https:\/\/www.clsottawa.ca\/fr\/media\/#breadcrumb","itemListElement":[{"@type":"ListItem","position":1,"name":"Home","item":"https:\/\/www.clsottawa.ca\/fr\/"},{"@type":"ListItem","position":2,"name":"M\u00e9dia"}]},{"@type":"WebSite","@id":"https:\/\/www.clsottawa.ca\/#website","url":"https:\/\/www.clsottawa.ca\/","name":"Community Legal Services of Ottawa \/ Services juridiques communautaires d&#039;Ottawa","description":"","potentialAction":[{"@type":"SearchAction","target":{"@type":"EntryPoint","urlTemplate":"https:\/\/www.clsottawa.ca\/?s={search_term_string}"},"query-input":{"@type":"PropertyValueSpecification","valueRequired":true,"valueName":"search_term_string"}}],"inLanguage":"fr-FR"}]}},"_links":{"self":[{"href":"https:\/\/www.clsottawa.ca\/fr\/wp-json\/wp\/v2\/pages\/1703","targetHints":{"allow":["GET"]}}],"collection":[{"href":"https:\/\/www.clsottawa.ca\/fr\/wp-json\/wp\/v2\/pages"}],"about":[{"href":"https:\/\/www.clsottawa.ca\/fr\/wp-json\/wp\/v2\/types\/page"}],"author":[{"embeddable":true,"href":"https:\/\/www.clsottawa.ca\/fr\/wp-json\/wp\/v2\/users\/5"}],"replies":[{"embeddable":true,"href":"https:\/\/www.clsottawa.ca\/fr\/wp-json\/wp\/v2\/comments?post=1703"}],"version-history":[{"count":21,"href":"https:\/\/www.clsottawa.ca\/fr\/wp-json\/wp\/v2\/pages\/1703\/revisions"}],"predecessor-version":[{"id":2985,"href":"https:\/\/www.clsottawa.ca\/fr\/wp-json\/wp\/v2\/pages\/1703\/revisions\/2985"}],"wp:attachment":[{"href":"https:\/\/www.clsottawa.ca\/fr\/wp-json\/wp\/v2\/media?parent=1703"}],"curies":[{"name":"wp","href":"https:\/\/api.w.org\/{rel}","templated":true}]}}