{"id":1364,"date":"2019-09-23T10:43:05","date_gmt":"2019-09-23T14:43:05","guid":{"rendered":"http:\/\/ottawaclc.turnbull.co\/?page_id=1364"},"modified":"2019-09-24T12:18:51","modified_gmt":"2019-09-24T16:18:51","slug":"territorial-acknowledgement-fr","status":"publish","type":"page","link":"https:\/\/www.clsottawa.ca\/fr\/a-propos-de-notre-clinique-juridique\/territorial-acknowledgement-fr\/","title":{"rendered":"Reconnaissance territoriale"},"content":{"rendered":"<p>Les Services juridiques communautaires d&rsquo;Ottawa reconnaissent que nous sommes situ\u00e9s et travaillons sur le territoire traditionnel et non c\u00e9d\u00e9 de la nation algonquine. Nous \u0153uvrons \u00e0 la r\u00e9conciliation avec les peuples autochtones du Canada en \u00e9tablissant des liens durables avec des organisations partenaires autochtones \u00e0 Ottawa et en am\u00e9liorant l\u2019acc\u00e8s \u00e0 la justice des peuples autochtones d\u2019Ottawa.<\/p>\n","protected":false},"excerpt":{"rendered":"<p>Les Services juridiques communautaires d&rsquo;Ottawa reconnaissent que nous sommes situ\u00e9s et travaillons sur le territoire traditionnel et non c\u00e9d\u00e9 de la nation algonquine. Nous \u0153uvrons \u00e0 la r\u00e9conciliation avec les peuples autochtones du Canada en \u00e9tablissant des liens durables avec des organisations partenaires autochtones \u00e0 Ottawa et en am\u00e9liorant l\u2019acc\u00e8s \u00e0 la justice des peuples autochtones d\u2019Ottawa.<\/p>\n","protected":false},"author":2,"featured_media":0,"parent":1204,"menu_order":0,"comment_status":"closed","ping_status":"closed","template":"","meta":{"footnotes":""},"class_list":["post-1364","page","type-page","status-publish","hentry"],"yoast_head":"<!-- This site is optimized with the Yoast SEO plugin v27.0 - https:\/\/yoast.com\/product\/yoast-seo-wordpress\/ -->\n<title>Reconnaissance territoriale - Community Legal Services of Ottawa \/ Services juridiques communautaires d&#039;Ottawa<\/title>\n<meta name=\"robots\" content=\"index, follow, max-snippet:-1, max-image-preview:large, max-video-preview:-1\" \/>\n<link rel=\"canonical\" href=\"https:\/\/www.clsottawa.ca\/fr\/a-propos-de-notre-clinique-juridique\/territorial-acknowledgement-fr\/\" \/>\n<meta property=\"og:locale\" content=\"fr_FR\" \/>\n<meta property=\"og:type\" content=\"article\" \/>\n<meta property=\"og:title\" content=\"Reconnaissance territoriale - Community Legal Services of Ottawa \/ Services juridiques communautaires d&#039;Ottawa\" \/>\n<meta property=\"og:description\" content=\"Les Services juridiques communautaires d&rsquo;Ottawa reconnaissent que nous sommes situ\u00e9s et travaillons sur le territoire traditionnel et non c\u00e9d\u00e9 de la nation algonquine. Nous \u0153uvrons \u00e0 la r\u00e9conciliation avec les peuples autochtones du Canada en \u00e9tablissant des liens durables avec des organisations partenaires autochtones \u00e0 Ottawa et en am\u00e9liorant l\u2019acc\u00e8s \u00e0 la justice des peuples autochtones d\u2019Ottawa.\" \/>\n<meta property=\"og:url\" content=\"https:\/\/www.clsottawa.ca\/fr\/a-propos-de-notre-clinique-juridique\/territorial-acknowledgement-fr\/\" \/>\n<meta property=\"og:site_name\" content=\"Community Legal Services of Ottawa \/ Services juridiques communautaires d&#039;Ottawa\" \/>\n<meta property=\"article:modified_time\" content=\"2019-09-24T16:18:51+00:00\" \/>\n<meta name=\"twitter:card\" content=\"summary_large_image\" \/>\n<script type=\"application\/ld+json\" class=\"yoast-schema-graph\">{\"@context\":\"https:\/\/schema.org\",\"@graph\":[{\"@type\":\"WebPage\",\"@id\":\"https:\/\/www.clsottawa.ca\/fr\/a-propos-de-notre-clinique-juridique\/territorial-acknowledgement-fr\/\",\"url\":\"https:\/\/www.clsottawa.ca\/fr\/a-propos-de-notre-clinique-juridique\/territorial-acknowledgement-fr\/\",\"name\":\"Reconnaissance territoriale - Community Legal Services of Ottawa \/ Services juridiques communautaires d&#039;Ottawa\",\"isPartOf\":{\"@id\":\"https:\/\/www.clsottawa.ca\/#website\"},\"datePublished\":\"2019-09-23T14:43:05+00:00\",\"dateModified\":\"2019-09-24T16:18:51+00:00\",\"breadcrumb\":{\"@id\":\"https:\/\/www.clsottawa.ca\/fr\/a-propos-de-notre-clinique-juridique\/territorial-acknowledgement-fr\/#breadcrumb\"},\"inLanguage\":\"fr-FR\",\"potentialAction\":[{\"@type\":\"ReadAction\",\"target\":[\"https:\/\/www.clsottawa.ca\/fr\/a-propos-de-notre-clinique-juridique\/territorial-acknowledgement-fr\/\"]}]},{\"@type\":\"BreadcrumbList\",\"@id\":\"https:\/\/www.clsottawa.ca\/fr\/a-propos-de-notre-clinique-juridique\/territorial-acknowledgement-fr\/#breadcrumb\",\"itemListElement\":[{\"@type\":\"ListItem\",\"position\":1,\"name\":\"Home\",\"item\":\"https:\/\/www.clsottawa.ca\/fr\/\"},{\"@type\":\"ListItem\",\"position\":2,\"name\":\"\u00c0 propos de notre clinique juridique\",\"item\":\"https:\/\/www.clsottawa.ca\/fr\/a-propos-de-notre-clinique-juridique\/\"},{\"@type\":\"ListItem\",\"position\":3,\"name\":\"Reconnaissance territoriale\"}]},{\"@type\":\"WebSite\",\"@id\":\"https:\/\/www.clsottawa.ca\/#website\",\"url\":\"https:\/\/www.clsottawa.ca\/\",\"name\":\"Community Legal Services of Ottawa \/ Services juridiques communautaires d&#039;Ottawa\",\"description\":\"\",\"potentialAction\":[{\"@type\":\"SearchAction\",\"target\":{\"@type\":\"EntryPoint\",\"urlTemplate\":\"https:\/\/www.clsottawa.ca\/?s={search_term_string}\"},\"query-input\":{\"@type\":\"PropertyValueSpecification\",\"valueRequired\":true,\"valueName\":\"search_term_string\"}}],\"inLanguage\":\"fr-FR\"}]}<\/script>\n<!-- \/ Yoast SEO plugin. -->","yoast_head_json":{"title":"Reconnaissance territoriale - Community Legal Services of Ottawa \/ Services juridiques communautaires d&#039;Ottawa","robots":{"index":"index","follow":"follow","max-snippet":"max-snippet:-1","max-image-preview":"max-image-preview:large","max-video-preview":"max-video-preview:-1"},"canonical":"https:\/\/www.clsottawa.ca\/fr\/a-propos-de-notre-clinique-juridique\/territorial-acknowledgement-fr\/","og_locale":"fr_FR","og_type":"article","og_title":"Reconnaissance territoriale - Community Legal Services of Ottawa \/ Services juridiques communautaires d&#039;Ottawa","og_description":"Les Services juridiques communautaires d&rsquo;Ottawa reconnaissent que nous sommes situ\u00e9s et travaillons sur le territoire traditionnel et non c\u00e9d\u00e9 de la nation algonquine. Nous \u0153uvrons \u00e0 la r\u00e9conciliation avec les peuples autochtones du Canada en \u00e9tablissant des liens durables avec des organisations partenaires autochtones \u00e0 Ottawa et en am\u00e9liorant l\u2019acc\u00e8s \u00e0 la justice des peuples autochtones d\u2019Ottawa.","og_url":"https:\/\/www.clsottawa.ca\/fr\/a-propos-de-notre-clinique-juridique\/territorial-acknowledgement-fr\/","og_site_name":"Community Legal Services of Ottawa \/ Services juridiques communautaires d&#039;Ottawa","article_modified_time":"2019-09-24T16:18:51+00:00","twitter_card":"summary_large_image","schema":{"@context":"https:\/\/schema.org","@graph":[{"@type":"WebPage","@id":"https:\/\/www.clsottawa.ca\/fr\/a-propos-de-notre-clinique-juridique\/territorial-acknowledgement-fr\/","url":"https:\/\/www.clsottawa.ca\/fr\/a-propos-de-notre-clinique-juridique\/territorial-acknowledgement-fr\/","name":"Reconnaissance territoriale - Community Legal Services of Ottawa \/ Services juridiques communautaires d&#039;Ottawa","isPartOf":{"@id":"https:\/\/www.clsottawa.ca\/#website"},"datePublished":"2019-09-23T14:43:05+00:00","dateModified":"2019-09-24T16:18:51+00:00","breadcrumb":{"@id":"https:\/\/www.clsottawa.ca\/fr\/a-propos-de-notre-clinique-juridique\/territorial-acknowledgement-fr\/#breadcrumb"},"inLanguage":"fr-FR","potentialAction":[{"@type":"ReadAction","target":["https:\/\/www.clsottawa.ca\/fr\/a-propos-de-notre-clinique-juridique\/territorial-acknowledgement-fr\/"]}]},{"@type":"BreadcrumbList","@id":"https:\/\/www.clsottawa.ca\/fr\/a-propos-de-notre-clinique-juridique\/territorial-acknowledgement-fr\/#breadcrumb","itemListElement":[{"@type":"ListItem","position":1,"name":"Home","item":"https:\/\/www.clsottawa.ca\/fr\/"},{"@type":"ListItem","position":2,"name":"\u00c0 propos de notre clinique juridique","item":"https:\/\/www.clsottawa.ca\/fr\/a-propos-de-notre-clinique-juridique\/"},{"@type":"ListItem","position":3,"name":"Reconnaissance territoriale"}]},{"@type":"WebSite","@id":"https:\/\/www.clsottawa.ca\/#website","url":"https:\/\/www.clsottawa.ca\/","name":"Community Legal Services of Ottawa \/ Services juridiques communautaires d&#039;Ottawa","description":"","potentialAction":[{"@type":"SearchAction","target":{"@type":"EntryPoint","urlTemplate":"https:\/\/www.clsottawa.ca\/?s={search_term_string}"},"query-input":{"@type":"PropertyValueSpecification","valueRequired":true,"valueName":"search_term_string"}}],"inLanguage":"fr-FR"}]}},"_links":{"self":[{"href":"https:\/\/www.clsottawa.ca\/fr\/wp-json\/wp\/v2\/pages\/1364","targetHints":{"allow":["GET"]}}],"collection":[{"href":"https:\/\/www.clsottawa.ca\/fr\/wp-json\/wp\/v2\/pages"}],"about":[{"href":"https:\/\/www.clsottawa.ca\/fr\/wp-json\/wp\/v2\/types\/page"}],"author":[{"embeddable":true,"href":"https:\/\/www.clsottawa.ca\/fr\/wp-json\/wp\/v2\/users\/2"}],"replies":[{"embeddable":true,"href":"https:\/\/www.clsottawa.ca\/fr\/wp-json\/wp\/v2\/comments?post=1364"}],"version-history":[{"count":4,"href":"https:\/\/www.clsottawa.ca\/fr\/wp-json\/wp\/v2\/pages\/1364\/revisions"}],"predecessor-version":[{"id":1383,"href":"https:\/\/www.clsottawa.ca\/fr\/wp-json\/wp\/v2\/pages\/1364\/revisions\/1383"}],"up":[{"embeddable":true,"href":"https:\/\/www.clsottawa.ca\/fr\/wp-json\/wp\/v2\/pages\/1204"}],"wp:attachment":[{"href":"https:\/\/www.clsottawa.ca\/fr\/wp-json\/wp\/v2\/media?parent=1364"}],"curies":[{"name":"wp","href":"https:\/\/api.w.org\/{rel}","templated":true}]}}