{"id":1317,"date":"2019-09-21T15:16:47","date_gmt":"2019-09-21T19:16:47","guid":{"rendered":"http:\/\/ottawaclc.turnbull.co\/?page_id=1317"},"modified":"2024-05-03T14:45:46","modified_gmt":"2024-05-03T18:45:46","slug":"ressources","status":"publish","type":"page","link":"https:\/\/www.clsottawa.ca\/fr\/ressources\/","title":{"rendered":"Ressources"},"content":{"rendered":"<p>Cliquez sur les liens ci-dessous pour obtenir des informations d\u00e9taill\u00e9es sur les autres services disponibles pour vous aider. Parfois, les liens affich\u00e9s sur cette page sont rompus en raison de modifications apport\u00e9es aux sites Web tiers mentionn\u00e9s ci-dessous. Veuillez noter que les Services juridiques communautaires d&rsquo;Ottawa ne sont pas responsables du contenu des sites Web externs.<\/p>\n<h2>Juridique<\/h2>\n<p><a href=\"https:\/\/cscvanier.com\/\">Clinique juridique francophone d\u2019Ottawa<\/a><\/p>\n<p><a href=\"https:\/\/www.legalaid.on.ca\/fr\/legal-clinics\/\">Cliniques juridiques communautaires<\/a><\/p>\n<p><a href=\"https:\/\/www.ontario.ca\/fr\/page\/protection-du-consommateur-de-lontario\">Protection du consommateur Ontario<\/a><\/p>\n<p><a href=\"https:\/\/www.attorneygeneral.jus.gov.on.ca\/french\/family\/infoctr.php\">Centre d&rsquo;information sur le droit de la famille (CIDF)<\/a><\/p>\n<p><a href=\"https:\/\/www.hrlsc.on.ca\/fr\/\">Centre d&rsquo;assistance juridique en mati\u00e8re de droits de l&rsquo;homme (CAJDP)<\/a><\/p>\n<p><a href=\"http:\/\/iavgo.org\/\">IAVGO<\/a><\/p>\n<p><a href=\"https:\/\/lsrs.lso.ca\/lsrs\/welcome\">Service de r\u00e9f\u00e9rence du Barreau<\/a><\/p>\n<p><a href=\"https:\/\/www.legalaid.on.ca\/fr\/nos-services\/\">Aide juridique Ontario<\/a><\/p>\n<p><a href=\"https:\/\/www.owa.gov.on.ca\/fr\/accueil\/\">Bureau des conseillers des travailleurs (BCT)<\/a><\/p>\n<p><a href=\"https:\/\/www.ohrc.on.ca\/fr\">Commission ontarienne des droits de la personne (CODP)<\/a><\/p>\n<p><a href=\"https:\/\/centreinfojuridique.ca\/\">Centre d&rsquo;information juridique de l&rsquo;Ontario<\/a><\/p>\n<p><a href=\"https:\/\/commonlaw.uottawa.ca\/clinique-juridique-communautaire\/\">Clinique juridique communautaire de l&rsquo;Universit\u00e9 d&rsquo;Ottawa<\/a><\/p>\n<h2>Immigration \/ \u00e9tablissement<\/h2>\n<p><a href=\"https:\/\/www.cbsa-asfc.gc.ca\/menu-fra.html\">ASFC<\/a><\/p>\n<p><a href=\"http:\/\/connexionottawa.com\/\">Connexion Ottawa<\/a><\/p>\n<p><a href=\"https:\/\/www.canada.ca\/fr\/services\/immigration-citoyennete.html\">Immigration et Citoyennet\u00e9 Canada<\/a><\/p>\n<h2>Soutien du revenu<\/h2>\n<p><a href=\"https:\/\/www.canada.ca\/fr\/agence-revenu\/services\/prestations-enfants-familles.html\">Prestations pour enfants et familles<\/a><\/p>\n<p><a href=\"https:\/\/www.canada.ca\/fr\/services\/prestations\/ae.html\">L&rsquo;assurance-emploi<\/a><\/p>\n<p><a href=\"https:\/\/www.veterans.gc.ca\/fra\">Anciens Combattants Canada<\/a><\/p>\n<h2>Autres<\/h2>\n<p><a href=\"https:\/\/211ontario.ca\/recherche\/\">211<\/a><\/p>\n<p><a href=\"https:\/\/aclco.org\/\">Association des cliniques juridiques communautaires de l&rsquo;Ontario (ACJCO)<\/a><\/p>\n<p><a href=\"https:\/\/www.canada.ca\/fr\/agence-revenu.html\">Agence du revenu du Canada<\/a><\/p>\n<p><a href=\"https:\/\/www.counsellingconnect.org\/fr-ca\">Counseling on connecte<\/a><\/p>\n<p><a href=\"https:\/\/www.octranspo.com\/fr\/\">OC Transpo<\/a><\/p>\n<p><a href=\"https:\/\/odawafc.com\/\">Odawa<\/a><\/p>\n<p><a href=\"https:\/\/www.ontario.ca\/fr\/page\/le-taux-legal-daugmentation-des-loyers-pour-lontario\">Le taux l\u00e9gal d\u2019augmentation des loyers de 2024<\/a><\/p>\n<p><a href=\"https:\/\/www.ontario.ca\/fr\/page\/serviceontario\">Service Ontario<\/a><\/p>\n<p><a href=\"https:\/\/wabano.com\/\">Wabano<\/a><\/p>\n\n","protected":false},"excerpt":{"rendered":"<p>Cliquez sur les liens ci-dessous pour obtenir des informations d\u00e9taill\u00e9es sur les autres services disponibles pour vous aider. Parfois, les liens affich\u00e9s sur cette page sont rompus en raison de modifications apport\u00e9es aux sites Web tiers mentionn\u00e9s ci-dessous. Veuillez noter que les Services juridiques communautaires d&rsquo;Ottawa ne sont pas responsables du contenu des sites Web externs.<\/p>\n","protected":false},"author":2,"featured_media":0,"parent":0,"menu_order":-6,"comment_status":"closed","ping_status":"closed","template":"","meta":{"footnotes":""},"class_list":["post-1317","page","type-page","status-publish","hentry"],"yoast_head":"<!-- This site is optimized with the Yoast SEO plugin v27.0 - https:\/\/yoast.com\/product\/yoast-seo-wordpress\/ -->\n<title>Ressources - Community Legal Services of Ottawa \/ Services juridiques communautaires d&#039;Ottawa<\/title>\n<meta name=\"robots\" content=\"index, follow, max-snippet:-1, max-image-preview:large, max-video-preview:-1\" \/>\n<link rel=\"canonical\" href=\"https:\/\/www.clsottawa.ca\/fr\/ressources\/\" \/>\n<meta property=\"og:locale\" content=\"fr_FR\" \/>\n<meta property=\"og:type\" content=\"article\" \/>\n<meta property=\"og:title\" content=\"Ressources - Community Legal Services of Ottawa \/ Services juridiques communautaires d&#039;Ottawa\" \/>\n<meta property=\"og:description\" content=\"Cliquez sur les liens ci-dessous pour obtenir des informations d\u00e9taill\u00e9es sur les autres services disponibles pour vous aider. Parfois, les liens affich\u00e9s sur cette page sont rompus en raison de modifications apport\u00e9es aux sites Web tiers mentionn\u00e9s ci-dessous. Veuillez noter que les Services juridiques communautaires d&rsquo;Ottawa ne sont pas responsables du contenu des sites Web externs.\" \/>\n<meta property=\"og:url\" content=\"https:\/\/www.clsottawa.ca\/fr\/ressources\/\" \/>\n<meta property=\"og:site_name\" content=\"Community Legal Services of Ottawa \/ Services juridiques communautaires d&#039;Ottawa\" \/>\n<meta property=\"article:modified_time\" content=\"2024-05-03T18:45:46+00:00\" \/>\n<meta name=\"twitter:card\" content=\"summary_large_image\" \/>\n<meta name=\"twitter:label1\" content=\"Dur\u00e9e de lecture estim\u00e9e\" \/>\n\t<meta name=\"twitter:data1\" content=\"1 minute\" \/>\n<script type=\"application\/ld+json\" class=\"yoast-schema-graph\">{\"@context\":\"https:\/\/schema.org\",\"@graph\":[{\"@type\":\"WebPage\",\"@id\":\"https:\/\/www.clsottawa.ca\/fr\/ressources\/\",\"url\":\"https:\/\/www.clsottawa.ca\/fr\/ressources\/\",\"name\":\"Ressources - Community Legal Services of Ottawa \/ Services juridiques communautaires d&#039;Ottawa\",\"isPartOf\":{\"@id\":\"https:\/\/www.clsottawa.ca\/#website\"},\"datePublished\":\"2019-09-21T19:16:47+00:00\",\"dateModified\":\"2024-05-03T18:45:46+00:00\",\"breadcrumb\":{\"@id\":\"https:\/\/www.clsottawa.ca\/fr\/ressources\/#breadcrumb\"},\"inLanguage\":\"fr-FR\",\"potentialAction\":[{\"@type\":\"ReadAction\",\"target\":[\"https:\/\/www.clsottawa.ca\/fr\/ressources\/\"]}]},{\"@type\":\"BreadcrumbList\",\"@id\":\"https:\/\/www.clsottawa.ca\/fr\/ressources\/#breadcrumb\",\"itemListElement\":[{\"@type\":\"ListItem\",\"position\":1,\"name\":\"Home\",\"item\":\"https:\/\/www.clsottawa.ca\/fr\/\"},{\"@type\":\"ListItem\",\"position\":2,\"name\":\"Ressources\"}]},{\"@type\":\"WebSite\",\"@id\":\"https:\/\/www.clsottawa.ca\/#website\",\"url\":\"https:\/\/www.clsottawa.ca\/\",\"name\":\"Community Legal Services of Ottawa \/ Services juridiques communautaires d&#039;Ottawa\",\"description\":\"\",\"potentialAction\":[{\"@type\":\"SearchAction\",\"target\":{\"@type\":\"EntryPoint\",\"urlTemplate\":\"https:\/\/www.clsottawa.ca\/?s={search_term_string}\"},\"query-input\":{\"@type\":\"PropertyValueSpecification\",\"valueRequired\":true,\"valueName\":\"search_term_string\"}}],\"inLanguage\":\"fr-FR\"}]}<\/script>\n<!-- \/ Yoast SEO plugin. -->","yoast_head_json":{"title":"Ressources - Community Legal Services of Ottawa \/ Services juridiques communautaires d&#039;Ottawa","robots":{"index":"index","follow":"follow","max-snippet":"max-snippet:-1","max-image-preview":"max-image-preview:large","max-video-preview":"max-video-preview:-1"},"canonical":"https:\/\/www.clsottawa.ca\/fr\/ressources\/","og_locale":"fr_FR","og_type":"article","og_title":"Ressources - Community Legal Services of Ottawa \/ Services juridiques communautaires d&#039;Ottawa","og_description":"Cliquez sur les liens ci-dessous pour obtenir des informations d\u00e9taill\u00e9es sur les autres services disponibles pour vous aider. Parfois, les liens affich\u00e9s sur cette page sont rompus en raison de modifications apport\u00e9es aux sites Web tiers mentionn\u00e9s ci-dessous. Veuillez noter que les Services juridiques communautaires d&rsquo;Ottawa ne sont pas responsables du contenu des sites Web externs.","og_url":"https:\/\/www.clsottawa.ca\/fr\/ressources\/","og_site_name":"Community Legal Services of Ottawa \/ Services juridiques communautaires d&#039;Ottawa","article_modified_time":"2024-05-03T18:45:46+00:00","twitter_card":"summary_large_image","twitter_misc":{"Dur\u00e9e de lecture estim\u00e9e":"1 minute"},"schema":{"@context":"https:\/\/schema.org","@graph":[{"@type":"WebPage","@id":"https:\/\/www.clsottawa.ca\/fr\/ressources\/","url":"https:\/\/www.clsottawa.ca\/fr\/ressources\/","name":"Ressources - Community Legal Services of Ottawa \/ Services juridiques communautaires d&#039;Ottawa","isPartOf":{"@id":"https:\/\/www.clsottawa.ca\/#website"},"datePublished":"2019-09-21T19:16:47+00:00","dateModified":"2024-05-03T18:45:46+00:00","breadcrumb":{"@id":"https:\/\/www.clsottawa.ca\/fr\/ressources\/#breadcrumb"},"inLanguage":"fr-FR","potentialAction":[{"@type":"ReadAction","target":["https:\/\/www.clsottawa.ca\/fr\/ressources\/"]}]},{"@type":"BreadcrumbList","@id":"https:\/\/www.clsottawa.ca\/fr\/ressources\/#breadcrumb","itemListElement":[{"@type":"ListItem","position":1,"name":"Home","item":"https:\/\/www.clsottawa.ca\/fr\/"},{"@type":"ListItem","position":2,"name":"Ressources"}]},{"@type":"WebSite","@id":"https:\/\/www.clsottawa.ca\/#website","url":"https:\/\/www.clsottawa.ca\/","name":"Community Legal Services of Ottawa \/ Services juridiques communautaires d&#039;Ottawa","description":"","potentialAction":[{"@type":"SearchAction","target":{"@type":"EntryPoint","urlTemplate":"https:\/\/www.clsottawa.ca\/?s={search_term_string}"},"query-input":{"@type":"PropertyValueSpecification","valueRequired":true,"valueName":"search_term_string"}}],"inLanguage":"fr-FR"}]}},"_links":{"self":[{"href":"https:\/\/www.clsottawa.ca\/fr\/wp-json\/wp\/v2\/pages\/1317","targetHints":{"allow":["GET"]}}],"collection":[{"href":"https:\/\/www.clsottawa.ca\/fr\/wp-json\/wp\/v2\/pages"}],"about":[{"href":"https:\/\/www.clsottawa.ca\/fr\/wp-json\/wp\/v2\/types\/page"}],"author":[{"embeddable":true,"href":"https:\/\/www.clsottawa.ca\/fr\/wp-json\/wp\/v2\/users\/2"}],"replies":[{"embeddable":true,"href":"https:\/\/www.clsottawa.ca\/fr\/wp-json\/wp\/v2\/comments?post=1317"}],"version-history":[{"count":27,"href":"https:\/\/www.clsottawa.ca\/fr\/wp-json\/wp\/v2\/pages\/1317\/revisions"}],"predecessor-version":[{"id":2545,"href":"https:\/\/www.clsottawa.ca\/fr\/wp-json\/wp\/v2\/pages\/1317\/revisions\/2545"}],"wp:attachment":[{"href":"https:\/\/www.clsottawa.ca\/fr\/wp-json\/wp\/v2\/media?parent=1317"}],"curies":[{"name":"wp","href":"https:\/\/api.w.org\/{rel}","templated":true}]}}