{"id":1313,"date":"2019-09-21T15:14:37","date_gmt":"2019-09-21T19:14:37","guid":{"rendered":"http:\/\/ottawaclc.turnbull.co\/?page_id=1313"},"modified":"2019-09-24T13:18:09","modified_gmt":"2019-09-24T17:18:09","slug":"connecting-ottawa-fr","status":"publish","type":"page","link":"https:\/\/www.clsottawa.ca\/fr\/comment-nous-pouvons-aider\/connecting-ottawa-fr\/","title":{"rendered":"Connexion Ottawa"},"content":{"rendered":"<p>Le projet\u00a0<a href=\"http:\/\/connexionottawa.com\/\">Connexion Ottawa<\/a> est financ\u00e9 en tant qu&rsquo;initiative d&rsquo;acc\u00e8s \u00e0 la justice de la Fondation du droit de l&rsquo;Ontario. Leur objectif est d\u2019am\u00e9liorer l\u2019acc\u00e8s \u00e0 la justice des minorit\u00e9s linguistiques; les personnes qui ne ma\u00eetrisent pas l&rsquo;anglais ou le fran\u00e7ais ou qui font face \u00e0 des difficult\u00e9s de communication \u00e0 la suite d&rsquo;un handicap ou d&rsquo;une d\u00e9ficience sensorielle.<\/p>\n<p>&nbsp;<\/p>\n","protected":false},"excerpt":{"rendered":"<p>Le projet\u00a0<a href=\"http:\/\/connexionottawa.com\/\">Connexion Ottawa<\/a> est financ\u00e9 en tant qu&rsquo;initiative d&rsquo;acc\u00e8s \u00e0 la justice de la Fondation du droit de l&rsquo;Ontario. Leur objectif est d\u2019am\u00e9liorer l\u2019acc\u00e8s \u00e0 la justice des minorit\u00e9s linguistiques; les personnes qui ne ma\u00eetrisent pas l&rsquo;anglais ou le fran\u00e7ais ou qui font face \u00e0 des difficult\u00e9s de communication \u00e0 la suite d&rsquo;un handicap ou d&rsquo;une d\u00e9ficience sensorielle.<\/p>\n","protected":false},"author":2,"featured_media":0,"parent":1278,"menu_order":0,"comment_status":"closed","ping_status":"closed","template":"","meta":{"footnotes":""},"class_list":["post-1313","page","type-page","status-publish","hentry"],"yoast_head":"<!-- This site is optimized with the Yoast SEO plugin v27.0 - https:\/\/yoast.com\/product\/yoast-seo-wordpress\/ -->\n<title>Connexion Ottawa - Community Legal Services of Ottawa \/ Services juridiques communautaires d&#039;Ottawa<\/title>\n<meta name=\"robots\" content=\"index, follow, max-snippet:-1, max-image-preview:large, max-video-preview:-1\" \/>\n<link rel=\"canonical\" href=\"https:\/\/www.clsottawa.ca\/fr\/comment-nous-pouvons-aider\/connecting-ottawa-fr\/\" \/>\n<meta property=\"og:locale\" content=\"fr_FR\" \/>\n<meta property=\"og:type\" content=\"article\" \/>\n<meta property=\"og:title\" content=\"Connexion Ottawa - Community Legal Services of Ottawa \/ Services juridiques communautaires d&#039;Ottawa\" \/>\n<meta property=\"og:description\" content=\"Le projet\u00a0Connexion Ottawa est financ\u00e9 en tant qu&rsquo;initiative d&rsquo;acc\u00e8s \u00e0 la justice de la Fondation du droit de l&rsquo;Ontario. Leur objectif est d\u2019am\u00e9liorer l\u2019acc\u00e8s \u00e0 la justice des minorit\u00e9s linguistiques; les personnes qui ne ma\u00eetrisent pas l&rsquo;anglais ou le fran\u00e7ais ou qui font face \u00e0 des difficult\u00e9s de communication \u00e0 la suite d&rsquo;un handicap ou d&rsquo;une d\u00e9ficience sensorielle.\" \/>\n<meta property=\"og:url\" content=\"https:\/\/www.clsottawa.ca\/fr\/comment-nous-pouvons-aider\/connecting-ottawa-fr\/\" \/>\n<meta property=\"og:site_name\" content=\"Community Legal Services of Ottawa \/ Services juridiques communautaires d&#039;Ottawa\" \/>\n<meta property=\"article:modified_time\" content=\"2019-09-24T17:18:09+00:00\" \/>\n<meta name=\"twitter:card\" content=\"summary_large_image\" \/>\n<script type=\"application\/ld+json\" class=\"yoast-schema-graph\">{\"@context\":\"https:\/\/schema.org\",\"@graph\":[{\"@type\":\"WebPage\",\"@id\":\"https:\/\/www.clsottawa.ca\/fr\/comment-nous-pouvons-aider\/connecting-ottawa-fr\/\",\"url\":\"https:\/\/www.clsottawa.ca\/fr\/comment-nous-pouvons-aider\/connecting-ottawa-fr\/\",\"name\":\"Connexion Ottawa - Community Legal Services of Ottawa \/ Services juridiques communautaires d&#039;Ottawa\",\"isPartOf\":{\"@id\":\"https:\/\/www.clsottawa.ca\/#website\"},\"datePublished\":\"2019-09-21T19:14:37+00:00\",\"dateModified\":\"2019-09-24T17:18:09+00:00\",\"breadcrumb\":{\"@id\":\"https:\/\/www.clsottawa.ca\/fr\/comment-nous-pouvons-aider\/connecting-ottawa-fr\/#breadcrumb\"},\"inLanguage\":\"fr-FR\",\"potentialAction\":[{\"@type\":\"ReadAction\",\"target\":[\"https:\/\/www.clsottawa.ca\/fr\/comment-nous-pouvons-aider\/connecting-ottawa-fr\/\"]}]},{\"@type\":\"BreadcrumbList\",\"@id\":\"https:\/\/www.clsottawa.ca\/fr\/comment-nous-pouvons-aider\/connecting-ottawa-fr\/#breadcrumb\",\"itemListElement\":[{\"@type\":\"ListItem\",\"position\":1,\"name\":\"Home\",\"item\":\"https:\/\/www.clsottawa.ca\/fr\/\"},{\"@type\":\"ListItem\",\"position\":2,\"name\":\"Comment nous pouvons aider\",\"item\":\"https:\/\/www.clsottawa.ca\/fr\/comment-nous-pouvons-aider\/\"},{\"@type\":\"ListItem\",\"position\":3,\"name\":\"Connexion Ottawa\"}]},{\"@type\":\"WebSite\",\"@id\":\"https:\/\/www.clsottawa.ca\/#website\",\"url\":\"https:\/\/www.clsottawa.ca\/\",\"name\":\"Community Legal Services of Ottawa \/ Services juridiques communautaires d&#039;Ottawa\",\"description\":\"\",\"potentialAction\":[{\"@type\":\"SearchAction\",\"target\":{\"@type\":\"EntryPoint\",\"urlTemplate\":\"https:\/\/www.clsottawa.ca\/?s={search_term_string}\"},\"query-input\":{\"@type\":\"PropertyValueSpecification\",\"valueRequired\":true,\"valueName\":\"search_term_string\"}}],\"inLanguage\":\"fr-FR\"}]}<\/script>\n<!-- \/ Yoast SEO plugin. -->","yoast_head_json":{"title":"Connexion Ottawa - Community Legal Services of Ottawa \/ Services juridiques communautaires d&#039;Ottawa","robots":{"index":"index","follow":"follow","max-snippet":"max-snippet:-1","max-image-preview":"max-image-preview:large","max-video-preview":"max-video-preview:-1"},"canonical":"https:\/\/www.clsottawa.ca\/fr\/comment-nous-pouvons-aider\/connecting-ottawa-fr\/","og_locale":"fr_FR","og_type":"article","og_title":"Connexion Ottawa - Community Legal Services of Ottawa \/ Services juridiques communautaires d&#039;Ottawa","og_description":"Le projet\u00a0Connexion Ottawa est financ\u00e9 en tant qu&rsquo;initiative d&rsquo;acc\u00e8s \u00e0 la justice de la Fondation du droit de l&rsquo;Ontario. Leur objectif est d\u2019am\u00e9liorer l\u2019acc\u00e8s \u00e0 la justice des minorit\u00e9s linguistiques; les personnes qui ne ma\u00eetrisent pas l&rsquo;anglais ou le fran\u00e7ais ou qui font face \u00e0 des difficult\u00e9s de communication \u00e0 la suite d&rsquo;un handicap ou d&rsquo;une d\u00e9ficience sensorielle.","og_url":"https:\/\/www.clsottawa.ca\/fr\/comment-nous-pouvons-aider\/connecting-ottawa-fr\/","og_site_name":"Community Legal Services of Ottawa \/ Services juridiques communautaires d&#039;Ottawa","article_modified_time":"2019-09-24T17:18:09+00:00","twitter_card":"summary_large_image","schema":{"@context":"https:\/\/schema.org","@graph":[{"@type":"WebPage","@id":"https:\/\/www.clsottawa.ca\/fr\/comment-nous-pouvons-aider\/connecting-ottawa-fr\/","url":"https:\/\/www.clsottawa.ca\/fr\/comment-nous-pouvons-aider\/connecting-ottawa-fr\/","name":"Connexion Ottawa - Community Legal Services of Ottawa \/ Services juridiques communautaires d&#039;Ottawa","isPartOf":{"@id":"https:\/\/www.clsottawa.ca\/#website"},"datePublished":"2019-09-21T19:14:37+00:00","dateModified":"2019-09-24T17:18:09+00:00","breadcrumb":{"@id":"https:\/\/www.clsottawa.ca\/fr\/comment-nous-pouvons-aider\/connecting-ottawa-fr\/#breadcrumb"},"inLanguage":"fr-FR","potentialAction":[{"@type":"ReadAction","target":["https:\/\/www.clsottawa.ca\/fr\/comment-nous-pouvons-aider\/connecting-ottawa-fr\/"]}]},{"@type":"BreadcrumbList","@id":"https:\/\/www.clsottawa.ca\/fr\/comment-nous-pouvons-aider\/connecting-ottawa-fr\/#breadcrumb","itemListElement":[{"@type":"ListItem","position":1,"name":"Home","item":"https:\/\/www.clsottawa.ca\/fr\/"},{"@type":"ListItem","position":2,"name":"Comment nous pouvons aider","item":"https:\/\/www.clsottawa.ca\/fr\/comment-nous-pouvons-aider\/"},{"@type":"ListItem","position":3,"name":"Connexion Ottawa"}]},{"@type":"WebSite","@id":"https:\/\/www.clsottawa.ca\/#website","url":"https:\/\/www.clsottawa.ca\/","name":"Community Legal Services of Ottawa \/ Services juridiques communautaires d&#039;Ottawa","description":"","potentialAction":[{"@type":"SearchAction","target":{"@type":"EntryPoint","urlTemplate":"https:\/\/www.clsottawa.ca\/?s={search_term_string}"},"query-input":{"@type":"PropertyValueSpecification","valueRequired":true,"valueName":"search_term_string"}}],"inLanguage":"fr-FR"}]}},"_links":{"self":[{"href":"https:\/\/www.clsottawa.ca\/fr\/wp-json\/wp\/v2\/pages\/1313","targetHints":{"allow":["GET"]}}],"collection":[{"href":"https:\/\/www.clsottawa.ca\/fr\/wp-json\/wp\/v2\/pages"}],"about":[{"href":"https:\/\/www.clsottawa.ca\/fr\/wp-json\/wp\/v2\/types\/page"}],"author":[{"embeddable":true,"href":"https:\/\/www.clsottawa.ca\/fr\/wp-json\/wp\/v2\/users\/2"}],"replies":[{"embeddable":true,"href":"https:\/\/www.clsottawa.ca\/fr\/wp-json\/wp\/v2\/comments?post=1313"}],"version-history":[{"count":4,"href":"https:\/\/www.clsottawa.ca\/fr\/wp-json\/wp\/v2\/pages\/1313\/revisions"}],"predecessor-version":[{"id":1391,"href":"https:\/\/www.clsottawa.ca\/fr\/wp-json\/wp\/v2\/pages\/1313\/revisions\/1391"}],"up":[{"embeddable":true,"href":"https:\/\/www.clsottawa.ca\/fr\/wp-json\/wp\/v2\/pages\/1278"}],"wp:attachment":[{"href":"https:\/\/www.clsottawa.ca\/fr\/wp-json\/wp\/v2\/media?parent=1313"}],"curies":[{"name":"wp","href":"https:\/\/api.w.org\/{rel}","templated":true}]}}