{"id":1311,"date":"2019-09-21T15:14:16","date_gmt":"2019-09-21T19:14:16","guid":{"rendered":"http:\/\/ottawaclc.turnbull.co\/?page_id=1311"},"modified":"2019-09-24T13:06:49","modified_gmt":"2019-09-24T17:06:49","slug":"community-legal-clinics-fr","status":"publish","type":"page","link":"https:\/\/www.clsottawa.ca\/fr\/comment-nous-pouvons-aider\/community-legal-clinics-fr\/","title":{"rendered":"Cliniques juridiques communautaires"},"content":{"rendered":"<p>Les cliniques juridiques communautaires (comme les Services juridiques communautaires d&rsquo;Ottawa) offrent des services juridiques gratuits dans toutes les r\u00e9gions de l&rsquo;Ontario. Outre ces cliniques juridiques de services g\u00e9n\u00e9raux, il existe des cliniques sp\u00e9cialis\u00e9es dans certains domaines du droit ou desservant des communaut\u00e9s ethnolinguistiques sp\u00e9cifiques.<\/p>\n<p>Trouvez une <a href=\"http:\/\/www.legalaid.on.ca\/fr\/contact\/contact.asp?type=cl\">clinique juridique communautaire<\/a> pr\u00e8s de chez vous.<\/p>\n","protected":false},"excerpt":{"rendered":"<p>Les cliniques juridiques communautaires (comme les Services juridiques communautaires d&rsquo;Ottawa) offrent des services juridiques gratuits dans toutes les r\u00e9gions de l&rsquo;Ontario. Outre ces cliniques juridiques de services g\u00e9n\u00e9raux, il existe des cliniques sp\u00e9cialis\u00e9es dans certains domaines du droit ou desservant des communaut\u00e9s ethnolinguistiques sp\u00e9cifiques.<br \/>\nTrouvez une <a href=\"http:\/\/www.legalaid.on.ca\/fr\/contact\/contact.asp?type=cl\">clinique juridique communautaire<\/a> pr\u00e8s de chez vous.<\/p>\n","protected":false},"author":2,"featured_media":0,"parent":1278,"menu_order":0,"comment_status":"closed","ping_status":"closed","template":"","meta":{"footnotes":""},"class_list":["post-1311","page","type-page","status-publish","hentry"],"yoast_head":"<!-- This site is optimized with the Yoast SEO plugin v27.0 - https:\/\/yoast.com\/product\/yoast-seo-wordpress\/ -->\n<title>Cliniques juridiques communautaires - Community Legal Services of Ottawa \/ Services juridiques communautaires d&#039;Ottawa<\/title>\n<meta name=\"robots\" content=\"index, follow, max-snippet:-1, max-image-preview:large, max-video-preview:-1\" \/>\n<link rel=\"canonical\" href=\"https:\/\/www.clsottawa.ca\/fr\/comment-nous-pouvons-aider\/community-legal-clinics-fr\/\" \/>\n<meta property=\"og:locale\" content=\"fr_FR\" \/>\n<meta property=\"og:type\" content=\"article\" \/>\n<meta property=\"og:title\" content=\"Cliniques juridiques communautaires - Community Legal Services of Ottawa \/ Services juridiques communautaires d&#039;Ottawa\" \/>\n<meta property=\"og:description\" content=\"Les cliniques juridiques communautaires (comme les Services juridiques communautaires d&rsquo;Ottawa) offrent des services juridiques gratuits dans toutes les r\u00e9gions de l&rsquo;Ontario. Outre ces cliniques juridiques de services g\u00e9n\u00e9raux, il existe des cliniques sp\u00e9cialis\u00e9es dans certains domaines du droit ou desservant des communaut\u00e9s ethnolinguistiques sp\u00e9cifiques. Trouvez une clinique juridique communautaire pr\u00e8s de chez vous.\" \/>\n<meta property=\"og:url\" content=\"https:\/\/www.clsottawa.ca\/fr\/comment-nous-pouvons-aider\/community-legal-clinics-fr\/\" \/>\n<meta property=\"og:site_name\" content=\"Community Legal Services of Ottawa \/ Services juridiques communautaires d&#039;Ottawa\" \/>\n<meta property=\"article:modified_time\" content=\"2019-09-24T17:06:49+00:00\" \/>\n<meta name=\"twitter:card\" content=\"summary_large_image\" \/>\n<script type=\"application\/ld+json\" class=\"yoast-schema-graph\">{\"@context\":\"https:\/\/schema.org\",\"@graph\":[{\"@type\":\"WebPage\",\"@id\":\"https:\/\/www.clsottawa.ca\/fr\/comment-nous-pouvons-aider\/community-legal-clinics-fr\/\",\"url\":\"https:\/\/www.clsottawa.ca\/fr\/comment-nous-pouvons-aider\/community-legal-clinics-fr\/\",\"name\":\"Cliniques juridiques communautaires - Community Legal Services of Ottawa \/ Services juridiques communautaires d&#039;Ottawa\",\"isPartOf\":{\"@id\":\"https:\/\/www.clsottawa.ca\/#website\"},\"datePublished\":\"2019-09-21T19:14:16+00:00\",\"dateModified\":\"2019-09-24T17:06:49+00:00\",\"breadcrumb\":{\"@id\":\"https:\/\/www.clsottawa.ca\/fr\/comment-nous-pouvons-aider\/community-legal-clinics-fr\/#breadcrumb\"},\"inLanguage\":\"fr-FR\",\"potentialAction\":[{\"@type\":\"ReadAction\",\"target\":[\"https:\/\/www.clsottawa.ca\/fr\/comment-nous-pouvons-aider\/community-legal-clinics-fr\/\"]}]},{\"@type\":\"BreadcrumbList\",\"@id\":\"https:\/\/www.clsottawa.ca\/fr\/comment-nous-pouvons-aider\/community-legal-clinics-fr\/#breadcrumb\",\"itemListElement\":[{\"@type\":\"ListItem\",\"position\":1,\"name\":\"Home\",\"item\":\"https:\/\/www.clsottawa.ca\/fr\/\"},{\"@type\":\"ListItem\",\"position\":2,\"name\":\"Comment nous pouvons aider\",\"item\":\"https:\/\/www.clsottawa.ca\/fr\/comment-nous-pouvons-aider\/\"},{\"@type\":\"ListItem\",\"position\":3,\"name\":\"Cliniques juridiques communautaires\"}]},{\"@type\":\"WebSite\",\"@id\":\"https:\/\/www.clsottawa.ca\/#website\",\"url\":\"https:\/\/www.clsottawa.ca\/\",\"name\":\"Community Legal Services of Ottawa \/ Services juridiques communautaires d&#039;Ottawa\",\"description\":\"\",\"potentialAction\":[{\"@type\":\"SearchAction\",\"target\":{\"@type\":\"EntryPoint\",\"urlTemplate\":\"https:\/\/www.clsottawa.ca\/?s={search_term_string}\"},\"query-input\":{\"@type\":\"PropertyValueSpecification\",\"valueRequired\":true,\"valueName\":\"search_term_string\"}}],\"inLanguage\":\"fr-FR\"}]}<\/script>\n<!-- \/ Yoast SEO plugin. -->","yoast_head_json":{"title":"Cliniques juridiques communautaires - Community Legal Services of Ottawa \/ Services juridiques communautaires d&#039;Ottawa","robots":{"index":"index","follow":"follow","max-snippet":"max-snippet:-1","max-image-preview":"max-image-preview:large","max-video-preview":"max-video-preview:-1"},"canonical":"https:\/\/www.clsottawa.ca\/fr\/comment-nous-pouvons-aider\/community-legal-clinics-fr\/","og_locale":"fr_FR","og_type":"article","og_title":"Cliniques juridiques communautaires - Community Legal Services of Ottawa \/ Services juridiques communautaires d&#039;Ottawa","og_description":"Les cliniques juridiques communautaires (comme les Services juridiques communautaires d&rsquo;Ottawa) offrent des services juridiques gratuits dans toutes les r\u00e9gions de l&rsquo;Ontario. Outre ces cliniques juridiques de services g\u00e9n\u00e9raux, il existe des cliniques sp\u00e9cialis\u00e9es dans certains domaines du droit ou desservant des communaut\u00e9s ethnolinguistiques sp\u00e9cifiques. Trouvez une clinique juridique communautaire pr\u00e8s de chez vous.","og_url":"https:\/\/www.clsottawa.ca\/fr\/comment-nous-pouvons-aider\/community-legal-clinics-fr\/","og_site_name":"Community Legal Services of Ottawa \/ Services juridiques communautaires d&#039;Ottawa","article_modified_time":"2019-09-24T17:06:49+00:00","twitter_card":"summary_large_image","schema":{"@context":"https:\/\/schema.org","@graph":[{"@type":"WebPage","@id":"https:\/\/www.clsottawa.ca\/fr\/comment-nous-pouvons-aider\/community-legal-clinics-fr\/","url":"https:\/\/www.clsottawa.ca\/fr\/comment-nous-pouvons-aider\/community-legal-clinics-fr\/","name":"Cliniques juridiques communautaires - Community Legal Services of Ottawa \/ Services juridiques communautaires d&#039;Ottawa","isPartOf":{"@id":"https:\/\/www.clsottawa.ca\/#website"},"datePublished":"2019-09-21T19:14:16+00:00","dateModified":"2019-09-24T17:06:49+00:00","breadcrumb":{"@id":"https:\/\/www.clsottawa.ca\/fr\/comment-nous-pouvons-aider\/community-legal-clinics-fr\/#breadcrumb"},"inLanguage":"fr-FR","potentialAction":[{"@type":"ReadAction","target":["https:\/\/www.clsottawa.ca\/fr\/comment-nous-pouvons-aider\/community-legal-clinics-fr\/"]}]},{"@type":"BreadcrumbList","@id":"https:\/\/www.clsottawa.ca\/fr\/comment-nous-pouvons-aider\/community-legal-clinics-fr\/#breadcrumb","itemListElement":[{"@type":"ListItem","position":1,"name":"Home","item":"https:\/\/www.clsottawa.ca\/fr\/"},{"@type":"ListItem","position":2,"name":"Comment nous pouvons aider","item":"https:\/\/www.clsottawa.ca\/fr\/comment-nous-pouvons-aider\/"},{"@type":"ListItem","position":3,"name":"Cliniques juridiques communautaires"}]},{"@type":"WebSite","@id":"https:\/\/www.clsottawa.ca\/#website","url":"https:\/\/www.clsottawa.ca\/","name":"Community Legal Services of Ottawa \/ Services juridiques communautaires d&#039;Ottawa","description":"","potentialAction":[{"@type":"SearchAction","target":{"@type":"EntryPoint","urlTemplate":"https:\/\/www.clsottawa.ca\/?s={search_term_string}"},"query-input":{"@type":"PropertyValueSpecification","valueRequired":true,"valueName":"search_term_string"}}],"inLanguage":"fr-FR"}]}},"_links":{"self":[{"href":"https:\/\/www.clsottawa.ca\/fr\/wp-json\/wp\/v2\/pages\/1311","targetHints":{"allow":["GET"]}}],"collection":[{"href":"https:\/\/www.clsottawa.ca\/fr\/wp-json\/wp\/v2\/pages"}],"about":[{"href":"https:\/\/www.clsottawa.ca\/fr\/wp-json\/wp\/v2\/types\/page"}],"author":[{"embeddable":true,"href":"https:\/\/www.clsottawa.ca\/fr\/wp-json\/wp\/v2\/users\/2"}],"replies":[{"embeddable":true,"href":"https:\/\/www.clsottawa.ca\/fr\/wp-json\/wp\/v2\/comments?post=1311"}],"version-history":[{"count":3,"href":"https:\/\/www.clsottawa.ca\/fr\/wp-json\/wp\/v2\/pages\/1311\/revisions"}],"predecessor-version":[{"id":1388,"href":"https:\/\/www.clsottawa.ca\/fr\/wp-json\/wp\/v2\/pages\/1311\/revisions\/1388"}],"up":[{"embeddable":true,"href":"https:\/\/www.clsottawa.ca\/fr\/wp-json\/wp\/v2\/pages\/1278"}],"wp:attachment":[{"href":"https:\/\/www.clsottawa.ca\/fr\/wp-json\/wp\/v2\/media?parent=1311"}],"curies":[{"name":"wp","href":"https:\/\/api.w.org\/{rel}","templated":true}]}}