{"id":1309,"date":"2019-09-21T15:13:51","date_gmt":"2019-09-21T19:13:51","guid":{"rendered":"http:\/\/ottawaclc.turnbull.co\/?page_id=1309"},"modified":"2019-10-01T16:10:08","modified_gmt":"2019-10-01T20:10:08","slug":"community-initiatives-fr","status":"publish","type":"page","link":"https:\/\/www.clsottawa.ca\/fr\/comment-nous-pouvons-aider\/community-initiatives-fr\/","title":{"rendered":"Initiatives communautaires"},"content":{"rendered":"<h2>\u00c9ducation juridique publique<\/h2>\n<p>Nous organisons souvent des s\u00e9minaires publics d\u2019\u00e9ducation juridique afin de sensibiliser davantage le public au droit. Nous pouvons \u00e9galement organiser des s\u00e9minaires pour d&rsquo;autres organisations communautaires, en leur donnant des outils juridiques pour aider leurs clients.<\/p>\n<p>Nous sommes \u00e9galement disponibles comme conf\u00e9renciers pour les groupes communautaires et les \u00e9coles. Nous fournissons des informations sur un certain nombre de sujets juridiques et sur le r\u00f4le des cliniques juridiques en Ontario.<\/p>\n<p>Nous adapterons un programme sp\u00e9cifiquement \u00e0 vos besoins, que ce soit simplement \u00e0 des fins d&rsquo;information ou qu&rsquo;il s&rsquo;agisse d&rsquo;une formation du personnel ou d&rsquo;un atelier. Nous offrons ces sessions gratuitement. Veuillez <a href=\"https:\/\/www.clsottawa.ca\/fr\/contactez-nous\/\">nous contacter<\/a> si vous souhaitez qu&rsquo;un membre du personnel de la clinique s&rsquo;adresse \u00e0 votre groupe.<\/p>\n<h2>Travail de d\u00e9veloppement communautaire<\/h2>\n<p>Nous travaillons avec des particuliers, des groupes et des agences sur des questions d\u2019importance juridique pour les communaut\u00e9s \u00e0 faible revenu d\u2019Ottawa.<\/p>\n<h2>Travail de r\u00e9forme du droit<\/h2>\n<p>Nous pouvons vous aider lorsque des modifications aux lois sont propos\u00e9es qui peuvent affecter de mani\u00e8re significative les r\u00e9sidents \u00e0 faible revenu d\u2019Ottawa. Nous travaillons en \u00e9troite collaboration avec d&rsquo;autres organisations communautaires.<\/p>\n<h2>Contactez-nous<\/h2>\n<p>Veuillez <a href=\"https:\/\/www.clsottawa.ca\/fr\/contactez-nous\/\">nous contacter<\/a> si vous \u00eates int\u00e9ress\u00e9 par l&rsquo;une de ces initiatives communautaires.<\/p>\n","protected":false},"excerpt":{"rendered":"<p>\u00c9ducation juridique publique<br \/>\nNous organisons souvent des s\u00e9minaires publics d\u2019\u00e9ducation juridique afin de sensibiliser davantage le public au droit. Nous pouvons \u00e9galement organiser des s\u00e9minaires pour d&rsquo;autres organisations communautaires, en leur donnant des outils juridiques pour aider leurs clients.<br \/>\nNous sommes \u00e9galement disponibles comme conf\u00e9renciers pour les groupes communautaires et les \u00e9coles.<\/p>\n","protected":false},"author":2,"featured_media":0,"parent":1278,"menu_order":0,"comment_status":"closed","ping_status":"closed","template":"","meta":{"footnotes":""},"class_list":["post-1309","page","type-page","status-publish","hentry"],"yoast_head":"<!-- This site is optimized with the Yoast SEO plugin v27.0 - https:\/\/yoast.com\/product\/yoast-seo-wordpress\/ -->\n<title>Initiatives communautaires - Community Legal Services of Ottawa \/ Services juridiques communautaires d&#039;Ottawa<\/title>\n<meta name=\"robots\" content=\"index, follow, max-snippet:-1, max-image-preview:large, max-video-preview:-1\" \/>\n<link rel=\"canonical\" href=\"https:\/\/www.clsottawa.ca\/fr\/comment-nous-pouvons-aider\/community-initiatives-fr\/\" \/>\n<meta property=\"og:locale\" content=\"fr_FR\" \/>\n<meta property=\"og:type\" content=\"article\" \/>\n<meta property=\"og:title\" content=\"Initiatives communautaires - Community Legal Services of Ottawa \/ Services juridiques communautaires d&#039;Ottawa\" \/>\n<meta property=\"og:description\" content=\"\u00c9ducation juridique publique Nous organisons souvent des s\u00e9minaires publics d\u2019\u00e9ducation juridique afin de sensibiliser davantage le public au droit. Nous pouvons \u00e9galement organiser des s\u00e9minaires pour d&rsquo;autres organisations communautaires, en leur donnant des outils juridiques pour aider leurs clients. Nous sommes \u00e9galement disponibles comme conf\u00e9renciers pour les groupes communautaires et les \u00e9coles.\" \/>\n<meta property=\"og:url\" content=\"https:\/\/www.clsottawa.ca\/fr\/comment-nous-pouvons-aider\/community-initiatives-fr\/\" \/>\n<meta property=\"og:site_name\" content=\"Community Legal Services of Ottawa \/ Services juridiques communautaires d&#039;Ottawa\" \/>\n<meta property=\"article:modified_time\" content=\"2019-10-01T20:10:08+00:00\" \/>\n<meta name=\"twitter:card\" content=\"summary_large_image\" \/>\n<meta name=\"twitter:label1\" content=\"Dur\u00e9e de lecture estim\u00e9e\" \/>\n\t<meta name=\"twitter:data1\" content=\"1 minute\" \/>\n<script type=\"application\/ld+json\" class=\"yoast-schema-graph\">{\"@context\":\"https:\/\/schema.org\",\"@graph\":[{\"@type\":\"WebPage\",\"@id\":\"https:\/\/www.clsottawa.ca\/fr\/comment-nous-pouvons-aider\/community-initiatives-fr\/\",\"url\":\"https:\/\/www.clsottawa.ca\/fr\/comment-nous-pouvons-aider\/community-initiatives-fr\/\",\"name\":\"Initiatives communautaires - Community Legal Services of Ottawa \/ Services juridiques communautaires d&#039;Ottawa\",\"isPartOf\":{\"@id\":\"https:\/\/www.clsottawa.ca\/#website\"},\"datePublished\":\"2019-09-21T19:13:51+00:00\",\"dateModified\":\"2019-10-01T20:10:08+00:00\",\"breadcrumb\":{\"@id\":\"https:\/\/www.clsottawa.ca\/fr\/comment-nous-pouvons-aider\/community-initiatives-fr\/#breadcrumb\"},\"inLanguage\":\"fr-FR\",\"potentialAction\":[{\"@type\":\"ReadAction\",\"target\":[\"https:\/\/www.clsottawa.ca\/fr\/comment-nous-pouvons-aider\/community-initiatives-fr\/\"]}]},{\"@type\":\"BreadcrumbList\",\"@id\":\"https:\/\/www.clsottawa.ca\/fr\/comment-nous-pouvons-aider\/community-initiatives-fr\/#breadcrumb\",\"itemListElement\":[{\"@type\":\"ListItem\",\"position\":1,\"name\":\"Home\",\"item\":\"https:\/\/www.clsottawa.ca\/fr\/\"},{\"@type\":\"ListItem\",\"position\":2,\"name\":\"Comment nous pouvons aider\",\"item\":\"https:\/\/www.clsottawa.ca\/fr\/comment-nous-pouvons-aider\/\"},{\"@type\":\"ListItem\",\"position\":3,\"name\":\"Initiatives communautaires\"}]},{\"@type\":\"WebSite\",\"@id\":\"https:\/\/www.clsottawa.ca\/#website\",\"url\":\"https:\/\/www.clsottawa.ca\/\",\"name\":\"Community Legal Services of Ottawa \/ Services juridiques communautaires d&#039;Ottawa\",\"description\":\"\",\"potentialAction\":[{\"@type\":\"SearchAction\",\"target\":{\"@type\":\"EntryPoint\",\"urlTemplate\":\"https:\/\/www.clsottawa.ca\/?s={search_term_string}\"},\"query-input\":{\"@type\":\"PropertyValueSpecification\",\"valueRequired\":true,\"valueName\":\"search_term_string\"}}],\"inLanguage\":\"fr-FR\"}]}<\/script>\n<!-- \/ Yoast SEO plugin. -->","yoast_head_json":{"title":"Initiatives communautaires - Community Legal Services of Ottawa \/ Services juridiques communautaires d&#039;Ottawa","robots":{"index":"index","follow":"follow","max-snippet":"max-snippet:-1","max-image-preview":"max-image-preview:large","max-video-preview":"max-video-preview:-1"},"canonical":"https:\/\/www.clsottawa.ca\/fr\/comment-nous-pouvons-aider\/community-initiatives-fr\/","og_locale":"fr_FR","og_type":"article","og_title":"Initiatives communautaires - Community Legal Services of Ottawa \/ Services juridiques communautaires d&#039;Ottawa","og_description":"\u00c9ducation juridique publique Nous organisons souvent des s\u00e9minaires publics d\u2019\u00e9ducation juridique afin de sensibiliser davantage le public au droit. Nous pouvons \u00e9galement organiser des s\u00e9minaires pour d&rsquo;autres organisations communautaires, en leur donnant des outils juridiques pour aider leurs clients. Nous sommes \u00e9galement disponibles comme conf\u00e9renciers pour les groupes communautaires et les \u00e9coles.","og_url":"https:\/\/www.clsottawa.ca\/fr\/comment-nous-pouvons-aider\/community-initiatives-fr\/","og_site_name":"Community Legal Services of Ottawa \/ Services juridiques communautaires d&#039;Ottawa","article_modified_time":"2019-10-01T20:10:08+00:00","twitter_card":"summary_large_image","twitter_misc":{"Dur\u00e9e de lecture estim\u00e9e":"1 minute"},"schema":{"@context":"https:\/\/schema.org","@graph":[{"@type":"WebPage","@id":"https:\/\/www.clsottawa.ca\/fr\/comment-nous-pouvons-aider\/community-initiatives-fr\/","url":"https:\/\/www.clsottawa.ca\/fr\/comment-nous-pouvons-aider\/community-initiatives-fr\/","name":"Initiatives communautaires - Community Legal Services of Ottawa \/ Services juridiques communautaires d&#039;Ottawa","isPartOf":{"@id":"https:\/\/www.clsottawa.ca\/#website"},"datePublished":"2019-09-21T19:13:51+00:00","dateModified":"2019-10-01T20:10:08+00:00","breadcrumb":{"@id":"https:\/\/www.clsottawa.ca\/fr\/comment-nous-pouvons-aider\/community-initiatives-fr\/#breadcrumb"},"inLanguage":"fr-FR","potentialAction":[{"@type":"ReadAction","target":["https:\/\/www.clsottawa.ca\/fr\/comment-nous-pouvons-aider\/community-initiatives-fr\/"]}]},{"@type":"BreadcrumbList","@id":"https:\/\/www.clsottawa.ca\/fr\/comment-nous-pouvons-aider\/community-initiatives-fr\/#breadcrumb","itemListElement":[{"@type":"ListItem","position":1,"name":"Home","item":"https:\/\/www.clsottawa.ca\/fr\/"},{"@type":"ListItem","position":2,"name":"Comment nous pouvons aider","item":"https:\/\/www.clsottawa.ca\/fr\/comment-nous-pouvons-aider\/"},{"@type":"ListItem","position":3,"name":"Initiatives communautaires"}]},{"@type":"WebSite","@id":"https:\/\/www.clsottawa.ca\/#website","url":"https:\/\/www.clsottawa.ca\/","name":"Community Legal Services of Ottawa \/ Services juridiques communautaires d&#039;Ottawa","description":"","potentialAction":[{"@type":"SearchAction","target":{"@type":"EntryPoint","urlTemplate":"https:\/\/www.clsottawa.ca\/?s={search_term_string}"},"query-input":{"@type":"PropertyValueSpecification","valueRequired":true,"valueName":"search_term_string"}}],"inLanguage":"fr-FR"}]}},"_links":{"self":[{"href":"https:\/\/www.clsottawa.ca\/fr\/wp-json\/wp\/v2\/pages\/1309","targetHints":{"allow":["GET"]}}],"collection":[{"href":"https:\/\/www.clsottawa.ca\/fr\/wp-json\/wp\/v2\/pages"}],"about":[{"href":"https:\/\/www.clsottawa.ca\/fr\/wp-json\/wp\/v2\/types\/page"}],"author":[{"embeddable":true,"href":"https:\/\/www.clsottawa.ca\/fr\/wp-json\/wp\/v2\/users\/2"}],"replies":[{"embeddable":true,"href":"https:\/\/www.clsottawa.ca\/fr\/wp-json\/wp\/v2\/comments?post=1309"}],"version-history":[{"count":5,"href":"https:\/\/www.clsottawa.ca\/fr\/wp-json\/wp\/v2\/pages\/1309\/revisions"}],"predecessor-version":[{"id":1449,"href":"https:\/\/www.clsottawa.ca\/fr\/wp-json\/wp\/v2\/pages\/1309\/revisions\/1449"}],"up":[{"embeddable":true,"href":"https:\/\/www.clsottawa.ca\/fr\/wp-json\/wp\/v2\/pages\/1278"}],"wp:attachment":[{"href":"https:\/\/www.clsottawa.ca\/fr\/wp-json\/wp\/v2\/media?parent=1309"}],"curies":[{"name":"wp","href":"https:\/\/api.w.org\/{rel}","templated":true}]}}