{"id":1307,"date":"2019-09-21T15:13:14","date_gmt":"2019-09-21T19:13:14","guid":{"rendered":"http:\/\/ottawaclc.turnbull.co\/?page_id=1307"},"modified":"2023-02-01T13:42:34","modified_gmt":"2023-02-01T18:42:34","slug":"affidavits-and-legal-forms-fr","status":"publish","type":"page","link":"https:\/\/www.clsottawa.ca\/fr\/comment-nous-pouvons-aider\/affidavits-and-legal-forms-fr\/","title":{"rendered":"Affidavits et formulaires juridiques"},"content":{"rendered":"<p>Si vous avez besoin d&rsquo;un affidavit sous serment ou de faire r\u00e9viser un document, les agences communautaires suivantes peuvent \u00eatre en mesure de fournir ce service gratuitement.<\/p>\n<p>Appelez d\u2019abord pour prendre rendez-vous et savoir ce que vous devez apporter. Vous devez apporter l\u2019affidavit ou le document que vous avez besoin de faire assermenter, ou pr\u00e9ciser les informations dont vous avez besoin dans l\u2019affidavit ou le document.<\/p>\n<p>Apportez \u00e9galement une identification avec vous. Certaines agences exigent deux pi\u00e8ces d&rsquo;identit\u00e9 avec photo signees.<\/p>\n<h2>Centre de ressources communautaires Nepean, Rideau et Osgoode (CRCNRO)<\/h2>\n<p>Ils fournissent des conseils juridiques g\u00e9n\u00e9raux, la notarisation de documents et des affidavits. Ce service est gratuit pour les r\u00e9sidents d&rsquo;Ottawa \u00e0 faible revenu. Veuillez cliquer sur <a href=\"https:\/\/nrocrc.org\/services\/legal-financial\/legal-services\">ce lien<\/a> pour plus d&rsquo;informations.<\/p>\n<p>613-596-5626<\/p>\n","protected":false},"excerpt":{"rendered":"<p>Si vous avez besoin d&rsquo;un affidavit sous serment ou de faire r\u00e9viser un document, les agences communautaires suivantes peuvent \u00eatre en mesure de fournir ce service gratuitement.<br \/>\nAppelez d\u2019abord pour prendre rendez-vous et savoir ce que vous devez apporter. Vous devez apporter l\u2019affidavit ou le document que vous avez besoin de faire assermenter,<\/p>\n","protected":false},"author":2,"featured_media":0,"parent":1278,"menu_order":0,"comment_status":"closed","ping_status":"closed","template":"","meta":{"footnotes":""},"class_list":["post-1307","page","type-page","status-publish","hentry"],"yoast_head":"<!-- This site is optimized with the Yoast SEO plugin v27.0 - https:\/\/yoast.com\/product\/yoast-seo-wordpress\/ -->\n<title>Affidavits et formulaires juridiques - Community Legal Services of Ottawa \/ Services juridiques communautaires d&#039;Ottawa<\/title>\n<meta name=\"robots\" content=\"index, follow, max-snippet:-1, max-image-preview:large, max-video-preview:-1\" \/>\n<link rel=\"canonical\" href=\"https:\/\/www.clsottawa.ca\/fr\/comment-nous-pouvons-aider\/affidavits-and-legal-forms-fr\/\" \/>\n<meta property=\"og:locale\" content=\"fr_FR\" \/>\n<meta property=\"og:type\" content=\"article\" \/>\n<meta property=\"og:title\" content=\"Affidavits et formulaires juridiques - Community Legal Services of Ottawa \/ Services juridiques communautaires d&#039;Ottawa\" \/>\n<meta property=\"og:description\" content=\"Si vous avez besoin d&rsquo;un affidavit sous serment ou de faire r\u00e9viser un document, les agences communautaires suivantes peuvent \u00eatre en mesure de fournir ce service gratuitement. Appelez d\u2019abord pour prendre rendez-vous et savoir ce que vous devez apporter. Vous devez apporter l\u2019affidavit ou le document que vous avez besoin de faire assermenter,\" \/>\n<meta property=\"og:url\" content=\"https:\/\/www.clsottawa.ca\/fr\/comment-nous-pouvons-aider\/affidavits-and-legal-forms-fr\/\" \/>\n<meta property=\"og:site_name\" content=\"Community Legal Services of Ottawa \/ Services juridiques communautaires d&#039;Ottawa\" \/>\n<meta property=\"article:modified_time\" content=\"2023-02-01T18:42:34+00:00\" \/>\n<meta name=\"twitter:card\" content=\"summary_large_image\" \/>\n<meta name=\"twitter:label1\" content=\"Dur\u00e9e de lecture estim\u00e9e\" \/>\n\t<meta name=\"twitter:data1\" content=\"1 minute\" \/>\n<script type=\"application\/ld+json\" class=\"yoast-schema-graph\">{\"@context\":\"https:\/\/schema.org\",\"@graph\":[{\"@type\":\"WebPage\",\"@id\":\"https:\/\/www.clsottawa.ca\/fr\/comment-nous-pouvons-aider\/affidavits-and-legal-forms-fr\/\",\"url\":\"https:\/\/www.clsottawa.ca\/fr\/comment-nous-pouvons-aider\/affidavits-and-legal-forms-fr\/\",\"name\":\"Affidavits et formulaires juridiques - Community Legal Services of Ottawa \/ Services juridiques communautaires d&#039;Ottawa\",\"isPartOf\":{\"@id\":\"https:\/\/www.clsottawa.ca\/#website\"},\"datePublished\":\"2019-09-21T19:13:14+00:00\",\"dateModified\":\"2023-02-01T18:42:34+00:00\",\"breadcrumb\":{\"@id\":\"https:\/\/www.clsottawa.ca\/fr\/comment-nous-pouvons-aider\/affidavits-and-legal-forms-fr\/#breadcrumb\"},\"inLanguage\":\"fr-FR\",\"potentialAction\":[{\"@type\":\"ReadAction\",\"target\":[\"https:\/\/www.clsottawa.ca\/fr\/comment-nous-pouvons-aider\/affidavits-and-legal-forms-fr\/\"]}]},{\"@type\":\"BreadcrumbList\",\"@id\":\"https:\/\/www.clsottawa.ca\/fr\/comment-nous-pouvons-aider\/affidavits-and-legal-forms-fr\/#breadcrumb\",\"itemListElement\":[{\"@type\":\"ListItem\",\"position\":1,\"name\":\"Home\",\"item\":\"https:\/\/www.clsottawa.ca\/fr\/\"},{\"@type\":\"ListItem\",\"position\":2,\"name\":\"Comment nous pouvons aider\",\"item\":\"https:\/\/www.clsottawa.ca\/fr\/comment-nous-pouvons-aider\/\"},{\"@type\":\"ListItem\",\"position\":3,\"name\":\"Affidavits et formulaires juridiques\"}]},{\"@type\":\"WebSite\",\"@id\":\"https:\/\/www.clsottawa.ca\/#website\",\"url\":\"https:\/\/www.clsottawa.ca\/\",\"name\":\"Community Legal Services of Ottawa \/ Services juridiques communautaires d&#039;Ottawa\",\"description\":\"\",\"potentialAction\":[{\"@type\":\"SearchAction\",\"target\":{\"@type\":\"EntryPoint\",\"urlTemplate\":\"https:\/\/www.clsottawa.ca\/?s={search_term_string}\"},\"query-input\":{\"@type\":\"PropertyValueSpecification\",\"valueRequired\":true,\"valueName\":\"search_term_string\"}}],\"inLanguage\":\"fr-FR\"}]}<\/script>\n<!-- \/ Yoast SEO plugin. -->","yoast_head_json":{"title":"Affidavits et formulaires juridiques - Community Legal Services of Ottawa \/ Services juridiques communautaires d&#039;Ottawa","robots":{"index":"index","follow":"follow","max-snippet":"max-snippet:-1","max-image-preview":"max-image-preview:large","max-video-preview":"max-video-preview:-1"},"canonical":"https:\/\/www.clsottawa.ca\/fr\/comment-nous-pouvons-aider\/affidavits-and-legal-forms-fr\/","og_locale":"fr_FR","og_type":"article","og_title":"Affidavits et formulaires juridiques - Community Legal Services of Ottawa \/ Services juridiques communautaires d&#039;Ottawa","og_description":"Si vous avez besoin d&rsquo;un affidavit sous serment ou de faire r\u00e9viser un document, les agences communautaires suivantes peuvent \u00eatre en mesure de fournir ce service gratuitement. Appelez d\u2019abord pour prendre rendez-vous et savoir ce que vous devez apporter. Vous devez apporter l\u2019affidavit ou le document que vous avez besoin de faire assermenter,","og_url":"https:\/\/www.clsottawa.ca\/fr\/comment-nous-pouvons-aider\/affidavits-and-legal-forms-fr\/","og_site_name":"Community Legal Services of Ottawa \/ Services juridiques communautaires d&#039;Ottawa","article_modified_time":"2023-02-01T18:42:34+00:00","twitter_card":"summary_large_image","twitter_misc":{"Dur\u00e9e de lecture estim\u00e9e":"1 minute"},"schema":{"@context":"https:\/\/schema.org","@graph":[{"@type":"WebPage","@id":"https:\/\/www.clsottawa.ca\/fr\/comment-nous-pouvons-aider\/affidavits-and-legal-forms-fr\/","url":"https:\/\/www.clsottawa.ca\/fr\/comment-nous-pouvons-aider\/affidavits-and-legal-forms-fr\/","name":"Affidavits et formulaires juridiques - Community Legal Services of Ottawa \/ Services juridiques communautaires d&#039;Ottawa","isPartOf":{"@id":"https:\/\/www.clsottawa.ca\/#website"},"datePublished":"2019-09-21T19:13:14+00:00","dateModified":"2023-02-01T18:42:34+00:00","breadcrumb":{"@id":"https:\/\/www.clsottawa.ca\/fr\/comment-nous-pouvons-aider\/affidavits-and-legal-forms-fr\/#breadcrumb"},"inLanguage":"fr-FR","potentialAction":[{"@type":"ReadAction","target":["https:\/\/www.clsottawa.ca\/fr\/comment-nous-pouvons-aider\/affidavits-and-legal-forms-fr\/"]}]},{"@type":"BreadcrumbList","@id":"https:\/\/www.clsottawa.ca\/fr\/comment-nous-pouvons-aider\/affidavits-and-legal-forms-fr\/#breadcrumb","itemListElement":[{"@type":"ListItem","position":1,"name":"Home","item":"https:\/\/www.clsottawa.ca\/fr\/"},{"@type":"ListItem","position":2,"name":"Comment nous pouvons aider","item":"https:\/\/www.clsottawa.ca\/fr\/comment-nous-pouvons-aider\/"},{"@type":"ListItem","position":3,"name":"Affidavits et formulaires juridiques"}]},{"@type":"WebSite","@id":"https:\/\/www.clsottawa.ca\/#website","url":"https:\/\/www.clsottawa.ca\/","name":"Community Legal Services of Ottawa \/ Services juridiques communautaires d&#039;Ottawa","description":"","potentialAction":[{"@type":"SearchAction","target":{"@type":"EntryPoint","urlTemplate":"https:\/\/www.clsottawa.ca\/?s={search_term_string}"},"query-input":{"@type":"PropertyValueSpecification","valueRequired":true,"valueName":"search_term_string"}}],"inLanguage":"fr-FR"}]}},"_links":{"self":[{"href":"https:\/\/www.clsottawa.ca\/fr\/wp-json\/wp\/v2\/pages\/1307","targetHints":{"allow":["GET"]}}],"collection":[{"href":"https:\/\/www.clsottawa.ca\/fr\/wp-json\/wp\/v2\/pages"}],"about":[{"href":"https:\/\/www.clsottawa.ca\/fr\/wp-json\/wp\/v2\/types\/page"}],"author":[{"embeddable":true,"href":"https:\/\/www.clsottawa.ca\/fr\/wp-json\/wp\/v2\/users\/2"}],"replies":[{"embeddable":true,"href":"https:\/\/www.clsottawa.ca\/fr\/wp-json\/wp\/v2\/comments?post=1307"}],"version-history":[{"count":3,"href":"https:\/\/www.clsottawa.ca\/fr\/wp-json\/wp\/v2\/pages\/1307\/revisions"}],"predecessor-version":[{"id":2266,"href":"https:\/\/www.clsottawa.ca\/fr\/wp-json\/wp\/v2\/pages\/1307\/revisions\/2266"}],"up":[{"embeddable":true,"href":"https:\/\/www.clsottawa.ca\/fr\/wp-json\/wp\/v2\/pages\/1278"}],"wp:attachment":[{"href":"https:\/\/www.clsottawa.ca\/fr\/wp-json\/wp\/v2\/media?parent=1307"}],"curies":[{"name":"wp","href":"https:\/\/api.w.org\/{rel}","templated":true}]}}