{"id":1278,"date":"2019-09-20T16:33:56","date_gmt":"2019-09-20T20:33:56","guid":{"rendered":"http:\/\/ottawaclc.turnbull.co\/?page_id=1278"},"modified":"2019-10-01T16:05:11","modified_gmt":"2019-10-01T20:05:11","slug":"comment-nous-pouvons-aider","status":"publish","type":"page","link":"https:\/\/www.clsottawa.ca\/fr\/comment-nous-pouvons-aider\/","title":{"rendered":"Comment nous pouvons aider"},"content":{"rendered":"<p>Nous fournissons des services juridiques gratuits aux r\u00e9sidents d&rsquo;Ottawa \u00e0 faible revenu. <a href=\"https:\/\/www.clsottawa.ca\/fr\/contactez-nous\/\">Contactez-nous<\/a> pour savoir comment nous pourrions vous aider. <a href=\"https:\/\/www.clsottawa.ca\/fr\/information-juridique\/\">Cliquez ici<\/a> pour en savoir plus sur des sujets juridiques sp\u00e9cifiques.<\/p>\n<h2>Nous pouvons vous aider dans les domaines suivants\u00a0:<\/h2>\n<ul>\n<li><a href=\"https:\/\/www.clsottawa.ca\/fr\/legal-topic\/droit-du-logement\/\">Loi sur le logement<\/a> (locataires ou membres de coop\u00e9ratives seulement &#8211; pas les propri\u00e9taires), comme les expulsions et les r\u00e9parations<\/li>\n<li><a href=\"https:\/\/www.clsottawa.ca\/fr\/legal-topic\/droit-de-limmigration\/\">Droit de l&rsquo;immigration<\/a>, comme les parrainages, les revendications du statut de r\u00e9fugi\u00e9, les appels et le statut de r\u00e9sident permanent<\/li>\n<li><a href=\"https:\/\/www.clsottawa.ca\/fr\/legal-topic\/sante-et-invalidite\/\">Programme ontarien de soutien aux personnes handicap\u00e9es<\/a> (POSPH), comme une demande de participation au POSPH et des probl\u00e8mes avec vos prestations<\/li>\n<li><a href=\"https:\/\/www.clsottawa.ca\/fr\/legal-topic\/soutien-du-revenu\/\">Ontario au travail<\/a> (OT), demandes et probl\u00e8mes avec vos prestations<\/li>\n<li><a href=\"https:\/\/www.clsottawa.ca\/fr\/legal-topic\/emploi-et-travail\/\">Accidents du travail<\/a> (Commission de la s\u00e9curit\u00e9 professionnelle et de l&rsquo;assurance contre les accidents du travail)<\/li>\n<li><a href=\"https:\/\/www.clsottawa.ca\/fr\/legal-topic\/emploi-et-travail\/\">L&rsquo;assurance-emploi<\/a><\/li>\n<li><a href=\"https:\/\/www.clsottawa.ca\/fr\/legal-topic\/sante-et-invalidite\/\">R\u00e9gime de pensions du Canada<\/a> (prestations d&rsquo;invalidit\u00e9, prestations de retraite et autres)<\/li>\n<li><a href=\"https:\/\/www.clsottawa.ca\/fr\/legal-topic\/soutien-du-revenu\/\">Prestations de s\u00e9curit\u00e9 de la vieillesse<\/a> et suppl\u00e9ment de revenu garanti<\/li>\n<li><a href=\"https:\/\/www.clsottawa.ca\/fr\/legal-topic\/soutien-du-revenu\/\">Prestation fiscale canadienne pour enfants<\/a><\/li>\n<\/ul>\n<p>Nos bureaux ont une capacit\u00e9 limit\u00e9e et, par cons\u00e9quent, tous les clients ne pourront pas recevoir d&rsquo;assistance. Les clients seront tri\u00e9s en fonction des besoins, de la solidit\u00e9 de la cause et des ressources disponibles du bureau.<\/p>\n<p>Nous donnons \u00e9galement des informations juridiques aux agences communautaires et aux membres du public et participons \u00e0 une s\u00e9rie d&rsquo;initiatives de d\u00e9veloppement communautaire et de r\u00e9forme du droit qui auront une incidence positive sur la vie des Ontariens \u00e0 faible revenu que nous servons. Voir notre page <a href=\"https:\/\/www.clsottawa.ca\/fr\/comment-nous-pouvons-aider\/community-initiatives-fr\/\">Initiatives communautaires<\/a> pour plus d&rsquo;informations.<\/p>\n<h2>Nous ne pouvons pas vous aider avec certains domaines du droit. . .<\/h2>\n<p>Si nous ne pouvons pas vous aider, nous essaierons de vous renvoyer \u00e0 quelqu&rsquo;un qui le peut. Nous avons des informations sur la fa\u00e7on d&rsquo;obtenir de l&rsquo;aide pour r\u00e9soudre des probl\u00e8mes dans ces domains:<\/p>\n<ul>\n<li>Probl\u00e8mes de <a href=\"https:\/\/www.clsottawa.ca\/fr\/legal-topic\/droit-criminel\/\">droit p\u00e9nal<\/a><\/li>\n<li>Probl\u00e8mes de <a href=\"https:\/\/www.clsottawa.ca\/fr\/legal-topic\/droit-de-la-famille\/\">droit de la famille<\/a><\/li>\n<\/ul>\n<p>Aide juridique Ontario pourrait peut-\u00eatre aider \u00e0 r\u00e9soudre ces probl\u00e8mes. Pour obtenir de l&rsquo;aide concernant d&rsquo;autres domaines du droit, consultez notre section Informations juridiques.<\/p>\n<h2>Comment nous pouvons aider<\/h2>\n<p>Nous commen\u00e7ons par vous offrir des conseils pour votre probl\u00e8me. Certaines personnes ont besoin de plus d&rsquo;aide que seulement des conseils. Parfois, nous vous aiderons en pr\u00e9parant des documents (par exemple, une demande \u00e0 la Commission de la location immobili\u00e8re).<\/p>\n<p>Nous pouvons \u00e9galement vous repr\u00e9senter devant une cour de justice ou un tribunal, comme le Tribunal de l&rsquo;aide sociale, la Commission de la location immobili\u00e8re et la Commission de l&rsquo;immigration et du statut de r\u00e9fugi\u00e9.<\/p>\n","protected":false},"excerpt":{"rendered":"<p>Nous fournissons des services juridiques gratuits aux r\u00e9sidents d&rsquo;Ottawa \u00e0 faible revenu. <a href=\"https:\/\/www.clsottawa.ca\/fr\/contactez-nous\/\">Contactez-nous<\/a> pour savoir comment nous pourrions vous aider. <a href=\"https:\/\/www.clsottawa.ca\/fr\/information-juridique\/\">Cliquez ici<\/a> pour en savoir plus sur des sujets juridiques sp\u00e9cifiques.<br \/>\nNous pouvons vous aider dans les domaines suivants\u00a0:<\/p>\n<p><a href=\"https:\/\/www.clsottawa.ca\/fr\/legal-topic\/droit-du-logement\/\">Loi sur le logement<\/a> (locataires ou membres de coop\u00e9ratives seulement &#8211;<\/p>\n","protected":false},"author":2,"featured_media":0,"parent":0,"menu_order":-8,"comment_status":"closed","ping_status":"closed","template":"","meta":{"footnotes":""},"class_list":["post-1278","page","type-page","status-publish","hentry"],"yoast_head":"<!-- This site is optimized with the Yoast SEO plugin v27.0 - https:\/\/yoast.com\/product\/yoast-seo-wordpress\/ -->\n<title>Comment nous pouvons aider - Community Legal Services of Ottawa \/ Services juridiques communautaires d&#039;Ottawa<\/title>\n<meta name=\"robots\" content=\"index, follow, max-snippet:-1, max-image-preview:large, max-video-preview:-1\" \/>\n<link rel=\"canonical\" href=\"https:\/\/www.clsottawa.ca\/fr\/comment-nous-pouvons-aider\/\" \/>\n<meta property=\"og:locale\" content=\"fr_FR\" \/>\n<meta property=\"og:type\" content=\"article\" \/>\n<meta property=\"og:title\" content=\"Comment nous pouvons aider - Community Legal Services of Ottawa \/ Services juridiques communautaires d&#039;Ottawa\" \/>\n<meta property=\"og:description\" content=\"Nous fournissons des services juridiques gratuits aux r\u00e9sidents d&rsquo;Ottawa \u00e0 faible revenu. Contactez-nous pour savoir comment nous pourrions vous aider. Cliquez ici pour en savoir plus sur des sujets juridiques sp\u00e9cifiques. Nous pouvons vous aider dans les domaines suivants\u00a0: Loi sur le logement (locataires ou membres de coop\u00e9ratives seulement &#8211;\" \/>\n<meta property=\"og:url\" content=\"https:\/\/www.clsottawa.ca\/fr\/comment-nous-pouvons-aider\/\" \/>\n<meta property=\"og:site_name\" content=\"Community Legal Services of Ottawa \/ Services juridiques communautaires d&#039;Ottawa\" \/>\n<meta property=\"article:modified_time\" content=\"2019-10-01T20:05:11+00:00\" \/>\n<meta name=\"twitter:card\" content=\"summary_large_image\" \/>\n<meta name=\"twitter:label1\" content=\"Dur\u00e9e de lecture estim\u00e9e\" \/>\n\t<meta name=\"twitter:data1\" content=\"2 minutes\" \/>\n<script type=\"application\/ld+json\" class=\"yoast-schema-graph\">{\"@context\":\"https:\/\/schema.org\",\"@graph\":[{\"@type\":\"WebPage\",\"@id\":\"https:\/\/www.clsottawa.ca\/fr\/comment-nous-pouvons-aider\/\",\"url\":\"https:\/\/www.clsottawa.ca\/fr\/comment-nous-pouvons-aider\/\",\"name\":\"Comment nous pouvons aider - Community Legal Services of Ottawa \/ Services juridiques communautaires d&#039;Ottawa\",\"isPartOf\":{\"@id\":\"https:\/\/www.clsottawa.ca\/#website\"},\"datePublished\":\"2019-09-20T20:33:56+00:00\",\"dateModified\":\"2019-10-01T20:05:11+00:00\",\"breadcrumb\":{\"@id\":\"https:\/\/www.clsottawa.ca\/fr\/comment-nous-pouvons-aider\/#breadcrumb\"},\"inLanguage\":\"fr-FR\",\"potentialAction\":[{\"@type\":\"ReadAction\",\"target\":[\"https:\/\/www.clsottawa.ca\/fr\/comment-nous-pouvons-aider\/\"]}]},{\"@type\":\"BreadcrumbList\",\"@id\":\"https:\/\/www.clsottawa.ca\/fr\/comment-nous-pouvons-aider\/#breadcrumb\",\"itemListElement\":[{\"@type\":\"ListItem\",\"position\":1,\"name\":\"Home\",\"item\":\"https:\/\/www.clsottawa.ca\/fr\/\"},{\"@type\":\"ListItem\",\"position\":2,\"name\":\"Comment nous pouvons aider\"}]},{\"@type\":\"WebSite\",\"@id\":\"https:\/\/www.clsottawa.ca\/#website\",\"url\":\"https:\/\/www.clsottawa.ca\/\",\"name\":\"Community Legal Services of Ottawa \/ Services juridiques communautaires d&#039;Ottawa\",\"description\":\"\",\"potentialAction\":[{\"@type\":\"SearchAction\",\"target\":{\"@type\":\"EntryPoint\",\"urlTemplate\":\"https:\/\/www.clsottawa.ca\/?s={search_term_string}\"},\"query-input\":{\"@type\":\"PropertyValueSpecification\",\"valueRequired\":true,\"valueName\":\"search_term_string\"}}],\"inLanguage\":\"fr-FR\"}]}<\/script>\n<!-- \/ Yoast SEO plugin. -->","yoast_head_json":{"title":"Comment nous pouvons aider - Community Legal Services of Ottawa \/ Services juridiques communautaires d&#039;Ottawa","robots":{"index":"index","follow":"follow","max-snippet":"max-snippet:-1","max-image-preview":"max-image-preview:large","max-video-preview":"max-video-preview:-1"},"canonical":"https:\/\/www.clsottawa.ca\/fr\/comment-nous-pouvons-aider\/","og_locale":"fr_FR","og_type":"article","og_title":"Comment nous pouvons aider - Community Legal Services of Ottawa \/ Services juridiques communautaires d&#039;Ottawa","og_description":"Nous fournissons des services juridiques gratuits aux r\u00e9sidents d&rsquo;Ottawa \u00e0 faible revenu. Contactez-nous pour savoir comment nous pourrions vous aider. Cliquez ici pour en savoir plus sur des sujets juridiques sp\u00e9cifiques. Nous pouvons vous aider dans les domaines suivants\u00a0: Loi sur le logement (locataires ou membres de coop\u00e9ratives seulement &#8211;","og_url":"https:\/\/www.clsottawa.ca\/fr\/comment-nous-pouvons-aider\/","og_site_name":"Community Legal Services of Ottawa \/ Services juridiques communautaires d&#039;Ottawa","article_modified_time":"2019-10-01T20:05:11+00:00","twitter_card":"summary_large_image","twitter_misc":{"Dur\u00e9e de lecture estim\u00e9e":"2 minutes"},"schema":{"@context":"https:\/\/schema.org","@graph":[{"@type":"WebPage","@id":"https:\/\/www.clsottawa.ca\/fr\/comment-nous-pouvons-aider\/","url":"https:\/\/www.clsottawa.ca\/fr\/comment-nous-pouvons-aider\/","name":"Comment nous pouvons aider - Community Legal Services of Ottawa \/ Services juridiques communautaires d&#039;Ottawa","isPartOf":{"@id":"https:\/\/www.clsottawa.ca\/#website"},"datePublished":"2019-09-20T20:33:56+00:00","dateModified":"2019-10-01T20:05:11+00:00","breadcrumb":{"@id":"https:\/\/www.clsottawa.ca\/fr\/comment-nous-pouvons-aider\/#breadcrumb"},"inLanguage":"fr-FR","potentialAction":[{"@type":"ReadAction","target":["https:\/\/www.clsottawa.ca\/fr\/comment-nous-pouvons-aider\/"]}]},{"@type":"BreadcrumbList","@id":"https:\/\/www.clsottawa.ca\/fr\/comment-nous-pouvons-aider\/#breadcrumb","itemListElement":[{"@type":"ListItem","position":1,"name":"Home","item":"https:\/\/www.clsottawa.ca\/fr\/"},{"@type":"ListItem","position":2,"name":"Comment nous pouvons aider"}]},{"@type":"WebSite","@id":"https:\/\/www.clsottawa.ca\/#website","url":"https:\/\/www.clsottawa.ca\/","name":"Community Legal Services of Ottawa \/ Services juridiques communautaires d&#039;Ottawa","description":"","potentialAction":[{"@type":"SearchAction","target":{"@type":"EntryPoint","urlTemplate":"https:\/\/www.clsottawa.ca\/?s={search_term_string}"},"query-input":{"@type":"PropertyValueSpecification","valueRequired":true,"valueName":"search_term_string"}}],"inLanguage":"fr-FR"}]}},"_links":{"self":[{"href":"https:\/\/www.clsottawa.ca\/fr\/wp-json\/wp\/v2\/pages\/1278","targetHints":{"allow":["GET"]}}],"collection":[{"href":"https:\/\/www.clsottawa.ca\/fr\/wp-json\/wp\/v2\/pages"}],"about":[{"href":"https:\/\/www.clsottawa.ca\/fr\/wp-json\/wp\/v2\/types\/page"}],"author":[{"embeddable":true,"href":"https:\/\/www.clsottawa.ca\/fr\/wp-json\/wp\/v2\/users\/2"}],"replies":[{"embeddable":true,"href":"https:\/\/www.clsottawa.ca\/fr\/wp-json\/wp\/v2\/comments?post=1278"}],"version-history":[{"count":13,"href":"https:\/\/www.clsottawa.ca\/fr\/wp-json\/wp\/v2\/pages\/1278\/revisions"}],"predecessor-version":[{"id":1448,"href":"https:\/\/www.clsottawa.ca\/fr\/wp-json\/wp\/v2\/pages\/1278\/revisions\/1448"}],"wp:attachment":[{"href":"https:\/\/www.clsottawa.ca\/fr\/wp-json\/wp\/v2\/media?parent=1278"}],"curies":[{"name":"wp","href":"https:\/\/api.w.org\/{rel}","templated":true}]}}