{"id":1239,"date":"2019-09-20T09:45:13","date_gmt":"2019-09-20T13:45:13","guid":{"rendered":"http:\/\/ottawaclc.turnbull.co\/?page_id=1239"},"modified":"2025-05-23T16:32:02","modified_gmt":"2025-05-23T20:32:02","slug":"adhesion","status":"publish","type":"page","link":"https:\/\/www.clsottawa.ca\/fr\/a-propos-de-notre-clinique-juridique\/adhesion\/","title":{"rendered":"Adh\u00e9sion"},"content":{"rendered":"<h2>Devenez membre de la clinique!<\/h2>\n<p>Nos membres nous permettent de rester en contact avec notre communaut\u00e9 et les personnes que nous servons. Les membres peuvent assister \u00e0 notre assembl\u00e9e g\u00e9n\u00e9rale annuelle et voter pour notre conseil d&rsquo;administration. Les membres peuvent \u00e9galement si\u00e9ger \u00e0 notre conseil d&rsquo;administration.<\/p>\n<p>Devenir membre des Services juridiques communautaires d&rsquo;Ottawa est GRATUIT. L&rsquo;adh\u00e9sion est en vigueur pour trois ans.<\/p>\n<p>Veuillez remplir la demande d&rsquo;adh\u00e9sion et renvoyer le formulaire d\u00fbment rempli \u00e0: Services juridiques communautaires d&rsquo;Ottawa, 406 &#8211; 1355, rue Bank, Ottawa, ON K1H 8K7 ou par t\u00e9l\u00e9copieur au (613) 733-0401.<\/p>\n<p><a href=\"https:\/\/www.clsottawa.ca\/wp-content\/uploads\/2025\/05\/Membership-Application-English-Updated-May-23-25.docx\">Demande d&rsquo;adh\u00e9sion &#8211; anglais<\/a><\/p>\n<p><a href=\"https:\/\/www.clsottawa.ca\/wp-content\/uploads\/2025\/05\/Membership-Application-French-Updated-May-23-25.docx\">Demande d&rsquo;adh\u00e9sion &#8211; fran\u00e7ais<\/a><\/p>\n\n\n\n","protected":false},"excerpt":{"rendered":"<p>Devenez membre de la clinique!<br \/>\nNos membres nous permettent de rester en contact avec notre communaut\u00e9 et les personnes que nous servons. Les membres peuvent assister \u00e0 notre assembl\u00e9e g\u00e9n\u00e9rale annuelle et voter pour notre conseil d&rsquo;administration. Les membres peuvent \u00e9galement si\u00e9ger \u00e0 notre conseil d&rsquo;administration.<br \/>\nDevenir membre des Services juridiques communautaires d&rsquo;Ottawa est GRATUIT.<\/p>\n","protected":false},"author":5,"featured_media":0,"parent":1204,"menu_order":0,"comment_status":"closed","ping_status":"closed","template":"","meta":{"footnotes":""},"class_list":["post-1239","page","type-page","status-publish","hentry"],"yoast_head":"<!-- This site is optimized with the Yoast SEO plugin v27.0 - https:\/\/yoast.com\/product\/yoast-seo-wordpress\/ -->\n<title>Adh\u00e9sion - Community Legal Services of Ottawa \/ Services juridiques communautaires d&#039;Ottawa<\/title>\n<meta name=\"robots\" content=\"index, follow, max-snippet:-1, max-image-preview:large, max-video-preview:-1\" \/>\n<link rel=\"canonical\" href=\"https:\/\/www.clsottawa.ca\/fr\/a-propos-de-notre-clinique-juridique\/adhesion\/\" \/>\n<meta property=\"og:locale\" content=\"fr_FR\" \/>\n<meta property=\"og:type\" content=\"article\" \/>\n<meta property=\"og:title\" content=\"Adh\u00e9sion - Community Legal Services of Ottawa \/ Services juridiques communautaires d&#039;Ottawa\" \/>\n<meta property=\"og:description\" content=\"Devenez membre de la clinique! Nos membres nous permettent de rester en contact avec notre communaut\u00e9 et les personnes que nous servons. Les membres peuvent assister \u00e0 notre assembl\u00e9e g\u00e9n\u00e9rale annuelle et voter pour notre conseil d&rsquo;administration. Les membres peuvent \u00e9galement si\u00e9ger \u00e0 notre conseil d&rsquo;administration. Devenir membre des Services juridiques communautaires d&rsquo;Ottawa est GRATUIT.\" \/>\n<meta property=\"og:url\" content=\"https:\/\/www.clsottawa.ca\/fr\/a-propos-de-notre-clinique-juridique\/adhesion\/\" \/>\n<meta property=\"og:site_name\" content=\"Community Legal Services of Ottawa \/ Services juridiques communautaires d&#039;Ottawa\" \/>\n<meta property=\"article:modified_time\" content=\"2025-05-23T20:32:02+00:00\" \/>\n<meta name=\"twitter:card\" content=\"summary_large_image\" \/>\n<meta name=\"twitter:label1\" content=\"Dur\u00e9e de lecture estim\u00e9e\" \/>\n\t<meta name=\"twitter:data1\" content=\"1 minute\" \/>\n<script type=\"application\/ld+json\" class=\"yoast-schema-graph\">{\"@context\":\"https:\/\/schema.org\",\"@graph\":[{\"@type\":\"WebPage\",\"@id\":\"https:\/\/www.clsottawa.ca\/fr\/a-propos-de-notre-clinique-juridique\/adhesion\/\",\"url\":\"https:\/\/www.clsottawa.ca\/fr\/a-propos-de-notre-clinique-juridique\/adhesion\/\",\"name\":\"Adh\u00e9sion - Community Legal Services of Ottawa \/ Services juridiques communautaires d&#039;Ottawa\",\"isPartOf\":{\"@id\":\"https:\/\/www.clsottawa.ca\/#website\"},\"datePublished\":\"2019-09-20T13:45:13+00:00\",\"dateModified\":\"2025-05-23T20:32:02+00:00\",\"breadcrumb\":{\"@id\":\"https:\/\/www.clsottawa.ca\/fr\/a-propos-de-notre-clinique-juridique\/adhesion\/#breadcrumb\"},\"inLanguage\":\"fr-FR\",\"potentialAction\":[{\"@type\":\"ReadAction\",\"target\":[\"https:\/\/www.clsottawa.ca\/fr\/a-propos-de-notre-clinique-juridique\/adhesion\/\"]}]},{\"@type\":\"BreadcrumbList\",\"@id\":\"https:\/\/www.clsottawa.ca\/fr\/a-propos-de-notre-clinique-juridique\/adhesion\/#breadcrumb\",\"itemListElement\":[{\"@type\":\"ListItem\",\"position\":1,\"name\":\"Home\",\"item\":\"https:\/\/www.clsottawa.ca\/fr\/\"},{\"@type\":\"ListItem\",\"position\":2,\"name\":\"\u00c0 propos de notre clinique juridique\",\"item\":\"https:\/\/www.clsottawa.ca\/fr\/a-propos-de-notre-clinique-juridique\/\"},{\"@type\":\"ListItem\",\"position\":3,\"name\":\"Adh\u00e9sion\"}]},{\"@type\":\"WebSite\",\"@id\":\"https:\/\/www.clsottawa.ca\/#website\",\"url\":\"https:\/\/www.clsottawa.ca\/\",\"name\":\"Community Legal Services of Ottawa \/ Services juridiques communautaires d&#039;Ottawa\",\"description\":\"\",\"potentialAction\":[{\"@type\":\"SearchAction\",\"target\":{\"@type\":\"EntryPoint\",\"urlTemplate\":\"https:\/\/www.clsottawa.ca\/?s={search_term_string}\"},\"query-input\":{\"@type\":\"PropertyValueSpecification\",\"valueRequired\":true,\"valueName\":\"search_term_string\"}}],\"inLanguage\":\"fr-FR\"}]}<\/script>\n<!-- \/ Yoast SEO plugin. -->","yoast_head_json":{"title":"Adh\u00e9sion - Community Legal Services of Ottawa \/ Services juridiques communautaires d&#039;Ottawa","robots":{"index":"index","follow":"follow","max-snippet":"max-snippet:-1","max-image-preview":"max-image-preview:large","max-video-preview":"max-video-preview:-1"},"canonical":"https:\/\/www.clsottawa.ca\/fr\/a-propos-de-notre-clinique-juridique\/adhesion\/","og_locale":"fr_FR","og_type":"article","og_title":"Adh\u00e9sion - Community Legal Services of Ottawa \/ Services juridiques communautaires d&#039;Ottawa","og_description":"Devenez membre de la clinique! Nos membres nous permettent de rester en contact avec notre communaut\u00e9 et les personnes que nous servons. Les membres peuvent assister \u00e0 notre assembl\u00e9e g\u00e9n\u00e9rale annuelle et voter pour notre conseil d&rsquo;administration. Les membres peuvent \u00e9galement si\u00e9ger \u00e0 notre conseil d&rsquo;administration. Devenir membre des Services juridiques communautaires d&rsquo;Ottawa est GRATUIT.","og_url":"https:\/\/www.clsottawa.ca\/fr\/a-propos-de-notre-clinique-juridique\/adhesion\/","og_site_name":"Community Legal Services of Ottawa \/ Services juridiques communautaires d&#039;Ottawa","article_modified_time":"2025-05-23T20:32:02+00:00","twitter_card":"summary_large_image","twitter_misc":{"Dur\u00e9e de lecture estim\u00e9e":"1 minute"},"schema":{"@context":"https:\/\/schema.org","@graph":[{"@type":"WebPage","@id":"https:\/\/www.clsottawa.ca\/fr\/a-propos-de-notre-clinique-juridique\/adhesion\/","url":"https:\/\/www.clsottawa.ca\/fr\/a-propos-de-notre-clinique-juridique\/adhesion\/","name":"Adh\u00e9sion - Community Legal Services of Ottawa \/ Services juridiques communautaires d&#039;Ottawa","isPartOf":{"@id":"https:\/\/www.clsottawa.ca\/#website"},"datePublished":"2019-09-20T13:45:13+00:00","dateModified":"2025-05-23T20:32:02+00:00","breadcrumb":{"@id":"https:\/\/www.clsottawa.ca\/fr\/a-propos-de-notre-clinique-juridique\/adhesion\/#breadcrumb"},"inLanguage":"fr-FR","potentialAction":[{"@type":"ReadAction","target":["https:\/\/www.clsottawa.ca\/fr\/a-propos-de-notre-clinique-juridique\/adhesion\/"]}]},{"@type":"BreadcrumbList","@id":"https:\/\/www.clsottawa.ca\/fr\/a-propos-de-notre-clinique-juridique\/adhesion\/#breadcrumb","itemListElement":[{"@type":"ListItem","position":1,"name":"Home","item":"https:\/\/www.clsottawa.ca\/fr\/"},{"@type":"ListItem","position":2,"name":"\u00c0 propos de notre clinique juridique","item":"https:\/\/www.clsottawa.ca\/fr\/a-propos-de-notre-clinique-juridique\/"},{"@type":"ListItem","position":3,"name":"Adh\u00e9sion"}]},{"@type":"WebSite","@id":"https:\/\/www.clsottawa.ca\/#website","url":"https:\/\/www.clsottawa.ca\/","name":"Community Legal Services of Ottawa \/ Services juridiques communautaires d&#039;Ottawa","description":"","potentialAction":[{"@type":"SearchAction","target":{"@type":"EntryPoint","urlTemplate":"https:\/\/www.clsottawa.ca\/?s={search_term_string}"},"query-input":{"@type":"PropertyValueSpecification","valueRequired":true,"valueName":"search_term_string"}}],"inLanguage":"fr-FR"}]}},"_links":{"self":[{"href":"https:\/\/www.clsottawa.ca\/fr\/wp-json\/wp\/v2\/pages\/1239","targetHints":{"allow":["GET"]}}],"collection":[{"href":"https:\/\/www.clsottawa.ca\/fr\/wp-json\/wp\/v2\/pages"}],"about":[{"href":"https:\/\/www.clsottawa.ca\/fr\/wp-json\/wp\/v2\/types\/page"}],"author":[{"embeddable":true,"href":"https:\/\/www.clsottawa.ca\/fr\/wp-json\/wp\/v2\/users\/5"}],"replies":[{"embeddable":true,"href":"https:\/\/www.clsottawa.ca\/fr\/wp-json\/wp\/v2\/comments?post=1239"}],"version-history":[{"count":8,"href":"https:\/\/www.clsottawa.ca\/fr\/wp-json\/wp\/v2\/pages\/1239\/revisions"}],"predecessor-version":[{"id":2761,"href":"https:\/\/www.clsottawa.ca\/fr\/wp-json\/wp\/v2\/pages\/1239\/revisions\/2761"}],"up":[{"embeddable":true,"href":"https:\/\/www.clsottawa.ca\/fr\/wp-json\/wp\/v2\/pages\/1204"}],"wp:attachment":[{"href":"https:\/\/www.clsottawa.ca\/fr\/wp-json\/wp\/v2\/media?parent=1239"}],"curies":[{"name":"wp","href":"https:\/\/api.w.org\/{rel}","templated":true}]}}