{"id":1230,"date":"2019-09-10T13:52:18","date_gmt":"2019-09-10T17:52:18","guid":{"rendered":"http:\/\/ottawaclc.turnbull.co\/?page_id=1230"},"modified":"2024-09-23T15:07:21","modified_gmt":"2024-09-23T19:07:21","slug":"heures-douverture","status":"publish","type":"page","link":"https:\/\/www.clsottawa.ca\/fr\/a-propos-de-notre-clinique-juridique\/heures-douverture\/","title":{"rendered":"Heures d&rsquo;ouverture"},"content":{"rendered":"<p><span style=\"font-size: 14pt;\"><strong>Veuillez appeler pour prendre rendez-vous avant de vous rendre dans l&rsquo;un de nos bureaux pour obtenir de l&rsquo;aide juridique<\/strong><\/span><\/p>\n<p><span style=\"font-size: 14pt;\">Remarque: Nous sommes ferm\u00e9s pour tous les jours f\u00e9ri\u00e9s, ainsi que pour la Journ\u00e9e nationale des peuples autochtones, la journ\u00e9e de la famille, le jour du Souvenir et la semaine entre No\u00ebl et le jour de l&rsquo;An.<\/span><\/p>\n<h2>Sud<\/h2>\n<p>1355, rue Bank,\u00a0pi\u00e8ce 406<br \/>\nOttawa ON KlH 8K7<\/p>\n<p>T\u00e9l. (613) 733-0140<br \/>\nFax (613) 733-0401<\/p>\n<p>Du lundi au mercredi: de 8h30 \u00e0 midi et de 13h \u00e0 16h30<br \/>\nJeudi: de 8h30 \u00e0 midi<br \/>\nVendredi: de 8h30 \u00e0 midi et de 13h \u00e0 16h30<\/p>\n<h2>Centre-ville<\/h2>\n<p>1, rue Nicholas,\u00a0\u00a0pi\u00e8ce 422<br \/>\nOttawa, ON K1N 7B7<\/p>\n<p>T\u00e9l. (613) 733-0140<br \/>\nFax (613) 733-0401<\/p>\n<p>Du lundi au mercredi: de 8h30 \u00e0 midi et de 13h \u00e0 16h30<br \/>\nJeudi: de 8h30 \u00e0 midi<br \/>\nVendredi: de 8h30 \u00e0 midi et de 13h \u00e0 16h30<\/p>\n<h2>Ouest<\/h2>\n<p>1299, chemin Richmond<br \/>\nOttawa, ON K2B 7Y4<\/p>\n<p>T\u00e9l. (613) 733-0140<br \/>\nFax (613) 733-0401<\/p>\n<p>Du lundi au mercredi: de 8h30 \u00e0 midi et de 13h \u00e0 16h30<br \/>\nJeudi: de 8h30 \u00e0 midi<br \/>\nVendredi: de 8h30 \u00e0 midi et de 13h \u00e0 16h30<\/p>\n","protected":false},"excerpt":{"rendered":"<p>Veuillez appeler pour prendre rendez-vous avant de vous rendre dans l&rsquo;un de nos bureaux pour obtenir de l&rsquo;aide juridique<br \/>\nRemarque: Nous sommes ferm\u00e9s pour tous les jours f\u00e9ri\u00e9s, ainsi que pour la Journ\u00e9e nationale des peuples autochtones, la journ\u00e9e de la famille, le jour du Souvenir et la semaine entre No\u00ebl et le jour de l&rsquo;An.<\/p>\n","protected":false},"author":5,"featured_media":0,"parent":1204,"menu_order":0,"comment_status":"closed","ping_status":"closed","template":"","meta":{"footnotes":""},"class_list":["post-1230","page","type-page","status-publish","hentry"],"yoast_head":"<!-- This site is optimized with the Yoast SEO plugin v27.0 - https:\/\/yoast.com\/product\/yoast-seo-wordpress\/ -->\n<title>Heures d&#039;ouverture - Community Legal Services of Ottawa \/ Services juridiques communautaires d&#039;Ottawa<\/title>\n<meta name=\"robots\" content=\"index, follow, max-snippet:-1, max-image-preview:large, max-video-preview:-1\" \/>\n<link rel=\"canonical\" href=\"https:\/\/www.clsottawa.ca\/fr\/a-propos-de-notre-clinique-juridique\/heures-douverture\/\" \/>\n<meta property=\"og:locale\" content=\"fr_FR\" \/>\n<meta property=\"og:type\" content=\"article\" \/>\n<meta property=\"og:title\" content=\"Heures d&#039;ouverture - Community Legal Services of Ottawa \/ Services juridiques communautaires d&#039;Ottawa\" \/>\n<meta property=\"og:description\" content=\"Veuillez appeler pour prendre rendez-vous avant de vous rendre dans l&rsquo;un de nos bureaux pour obtenir de l&rsquo;aide juridique Remarque: Nous sommes ferm\u00e9s pour tous les jours f\u00e9ri\u00e9s, ainsi que pour la Journ\u00e9e nationale des peuples autochtones, la journ\u00e9e de la famille, le jour du Souvenir et la semaine entre No\u00ebl et le jour de l&rsquo;An.\" \/>\n<meta property=\"og:url\" content=\"https:\/\/www.clsottawa.ca\/fr\/a-propos-de-notre-clinique-juridique\/heures-douverture\/\" \/>\n<meta property=\"og:site_name\" content=\"Community Legal Services of Ottawa \/ Services juridiques communautaires d&#039;Ottawa\" \/>\n<meta property=\"article:modified_time\" content=\"2024-09-23T19:07:21+00:00\" \/>\n<meta name=\"twitter:card\" content=\"summary_large_image\" \/>\n<meta name=\"twitter:label1\" content=\"Dur\u00e9e de lecture estim\u00e9e\" \/>\n\t<meta name=\"twitter:data1\" content=\"1 minute\" \/>\n<script type=\"application\/ld+json\" class=\"yoast-schema-graph\">{\"@context\":\"https:\/\/schema.org\",\"@graph\":[{\"@type\":\"WebPage\",\"@id\":\"https:\/\/www.clsottawa.ca\/fr\/a-propos-de-notre-clinique-juridique\/heures-douverture\/\",\"url\":\"https:\/\/www.clsottawa.ca\/fr\/a-propos-de-notre-clinique-juridique\/heures-douverture\/\",\"name\":\"Heures d'ouverture - Community Legal Services of Ottawa \/ Services juridiques communautaires d&#039;Ottawa\",\"isPartOf\":{\"@id\":\"https:\/\/www.clsottawa.ca\/#website\"},\"datePublished\":\"2019-09-10T17:52:18+00:00\",\"dateModified\":\"2024-09-23T19:07:21+00:00\",\"breadcrumb\":{\"@id\":\"https:\/\/www.clsottawa.ca\/fr\/a-propos-de-notre-clinique-juridique\/heures-douverture\/#breadcrumb\"},\"inLanguage\":\"fr-FR\",\"potentialAction\":[{\"@type\":\"ReadAction\",\"target\":[\"https:\/\/www.clsottawa.ca\/fr\/a-propos-de-notre-clinique-juridique\/heures-douverture\/\"]}]},{\"@type\":\"BreadcrumbList\",\"@id\":\"https:\/\/www.clsottawa.ca\/fr\/a-propos-de-notre-clinique-juridique\/heures-douverture\/#breadcrumb\",\"itemListElement\":[{\"@type\":\"ListItem\",\"position\":1,\"name\":\"Home\",\"item\":\"https:\/\/www.clsottawa.ca\/fr\/\"},{\"@type\":\"ListItem\",\"position\":2,\"name\":\"\u00c0 propos de notre clinique juridique\",\"item\":\"https:\/\/www.clsottawa.ca\/fr\/a-propos-de-notre-clinique-juridique\/\"},{\"@type\":\"ListItem\",\"position\":3,\"name\":\"Heures d&#8217;ouverture\"}]},{\"@type\":\"WebSite\",\"@id\":\"https:\/\/www.clsottawa.ca\/#website\",\"url\":\"https:\/\/www.clsottawa.ca\/\",\"name\":\"Community Legal Services of Ottawa \/ Services juridiques communautaires d&#039;Ottawa\",\"description\":\"\",\"potentialAction\":[{\"@type\":\"SearchAction\",\"target\":{\"@type\":\"EntryPoint\",\"urlTemplate\":\"https:\/\/www.clsottawa.ca\/?s={search_term_string}\"},\"query-input\":{\"@type\":\"PropertyValueSpecification\",\"valueRequired\":true,\"valueName\":\"search_term_string\"}}],\"inLanguage\":\"fr-FR\"}]}<\/script>\n<!-- \/ Yoast SEO plugin. -->","yoast_head_json":{"title":"Heures d'ouverture - Community Legal Services of Ottawa \/ Services juridiques communautaires d&#039;Ottawa","robots":{"index":"index","follow":"follow","max-snippet":"max-snippet:-1","max-image-preview":"max-image-preview:large","max-video-preview":"max-video-preview:-1"},"canonical":"https:\/\/www.clsottawa.ca\/fr\/a-propos-de-notre-clinique-juridique\/heures-douverture\/","og_locale":"fr_FR","og_type":"article","og_title":"Heures d'ouverture - Community Legal Services of Ottawa \/ Services juridiques communautaires d&#039;Ottawa","og_description":"Veuillez appeler pour prendre rendez-vous avant de vous rendre dans l&rsquo;un de nos bureaux pour obtenir de l&rsquo;aide juridique Remarque: Nous sommes ferm\u00e9s pour tous les jours f\u00e9ri\u00e9s, ainsi que pour la Journ\u00e9e nationale des peuples autochtones, la journ\u00e9e de la famille, le jour du Souvenir et la semaine entre No\u00ebl et le jour de l&rsquo;An.","og_url":"https:\/\/www.clsottawa.ca\/fr\/a-propos-de-notre-clinique-juridique\/heures-douverture\/","og_site_name":"Community Legal Services of Ottawa \/ Services juridiques communautaires d&#039;Ottawa","article_modified_time":"2024-09-23T19:07:21+00:00","twitter_card":"summary_large_image","twitter_misc":{"Dur\u00e9e de lecture estim\u00e9e":"1 minute"},"schema":{"@context":"https:\/\/schema.org","@graph":[{"@type":"WebPage","@id":"https:\/\/www.clsottawa.ca\/fr\/a-propos-de-notre-clinique-juridique\/heures-douverture\/","url":"https:\/\/www.clsottawa.ca\/fr\/a-propos-de-notre-clinique-juridique\/heures-douverture\/","name":"Heures d'ouverture - Community Legal Services of Ottawa \/ Services juridiques communautaires d&#039;Ottawa","isPartOf":{"@id":"https:\/\/www.clsottawa.ca\/#website"},"datePublished":"2019-09-10T17:52:18+00:00","dateModified":"2024-09-23T19:07:21+00:00","breadcrumb":{"@id":"https:\/\/www.clsottawa.ca\/fr\/a-propos-de-notre-clinique-juridique\/heures-douverture\/#breadcrumb"},"inLanguage":"fr-FR","potentialAction":[{"@type":"ReadAction","target":["https:\/\/www.clsottawa.ca\/fr\/a-propos-de-notre-clinique-juridique\/heures-douverture\/"]}]},{"@type":"BreadcrumbList","@id":"https:\/\/www.clsottawa.ca\/fr\/a-propos-de-notre-clinique-juridique\/heures-douverture\/#breadcrumb","itemListElement":[{"@type":"ListItem","position":1,"name":"Home","item":"https:\/\/www.clsottawa.ca\/fr\/"},{"@type":"ListItem","position":2,"name":"\u00c0 propos de notre clinique juridique","item":"https:\/\/www.clsottawa.ca\/fr\/a-propos-de-notre-clinique-juridique\/"},{"@type":"ListItem","position":3,"name":"Heures d&#8217;ouverture"}]},{"@type":"WebSite","@id":"https:\/\/www.clsottawa.ca\/#website","url":"https:\/\/www.clsottawa.ca\/","name":"Community Legal Services of Ottawa \/ Services juridiques communautaires d&#039;Ottawa","description":"","potentialAction":[{"@type":"SearchAction","target":{"@type":"EntryPoint","urlTemplate":"https:\/\/www.clsottawa.ca\/?s={search_term_string}"},"query-input":{"@type":"PropertyValueSpecification","valueRequired":true,"valueName":"search_term_string"}}],"inLanguage":"fr-FR"}]}},"_links":{"self":[{"href":"https:\/\/www.clsottawa.ca\/fr\/wp-json\/wp\/v2\/pages\/1230","targetHints":{"allow":["GET"]}}],"collection":[{"href":"https:\/\/www.clsottawa.ca\/fr\/wp-json\/wp\/v2\/pages"}],"about":[{"href":"https:\/\/www.clsottawa.ca\/fr\/wp-json\/wp\/v2\/types\/page"}],"author":[{"embeddable":true,"href":"https:\/\/www.clsottawa.ca\/fr\/wp-json\/wp\/v2\/users\/5"}],"replies":[{"embeddable":true,"href":"https:\/\/www.clsottawa.ca\/fr\/wp-json\/wp\/v2\/comments?post=1230"}],"version-history":[{"count":8,"href":"https:\/\/www.clsottawa.ca\/fr\/wp-json\/wp\/v2\/pages\/1230\/revisions"}],"predecessor-version":[{"id":2655,"href":"https:\/\/www.clsottawa.ca\/fr\/wp-json\/wp\/v2\/pages\/1230\/revisions\/2655"}],"up":[{"embeddable":true,"href":"https:\/\/www.clsottawa.ca\/fr\/wp-json\/wp\/v2\/pages\/1204"}],"wp:attachment":[{"href":"https:\/\/www.clsottawa.ca\/fr\/wp-json\/wp\/v2\/media?parent=1230"}],"curies":[{"name":"wp","href":"https:\/\/api.w.org\/{rel}","templated":true}]}}