{"id":1228,"date":"2019-09-10T13:47:42","date_gmt":"2019-09-10T17:47:42","guid":{"rendered":"http:\/\/ottawaclc.turnbull.co\/?page_id=1228"},"modified":"2019-09-10T13:49:28","modified_gmt":"2019-09-10T17:49:28","slug":"services-juridiques-gratuits","status":"publish","type":"page","link":"https:\/\/www.clsottawa.ca\/fr\/a-propos-de-notre-clinique-juridique\/services-juridiques-gratuits\/","title":{"rendered":"Services juridiques gratuits"},"content":{"rendered":"<p>Tous les services que nous fournissons sont gratuits. Cependant, si vous en avez les moyens, nous vous demanderons de nous rembourser lorsque nous aurons \u00e0 payer les choses n\u00e9cessaires pour vous aider dans votre cas: par exemple, un rapport m\u00e9dical ou les frais de proc\u00e8s.<\/p>\n","protected":false},"excerpt":{"rendered":"<p>Tous les services que nous fournissons sont gratuits. Cependant, si vous en avez les moyens, nous vous demanderons de nous rembourser lorsque nous aurons \u00e0 payer les choses n\u00e9cessaires pour vous aider dans votre cas: par exemple, un rapport m\u00e9dical ou les frais de proc\u00e8s.<\/p>\n","protected":false},"author":5,"featured_media":0,"parent":1204,"menu_order":0,"comment_status":"closed","ping_status":"closed","template":"","meta":{"footnotes":""},"class_list":["post-1228","page","type-page","status-publish","hentry"],"yoast_head":"<!-- This site is optimized with the Yoast SEO plugin v27.0 - https:\/\/yoast.com\/product\/yoast-seo-wordpress\/ -->\n<title>Services juridiques gratuits - Community Legal Services of Ottawa \/ Services juridiques communautaires d&#039;Ottawa<\/title>\n<meta name=\"robots\" content=\"index, follow, max-snippet:-1, max-image-preview:large, max-video-preview:-1\" \/>\n<link rel=\"canonical\" href=\"https:\/\/www.clsottawa.ca\/fr\/a-propos-de-notre-clinique-juridique\/services-juridiques-gratuits\/\" \/>\n<meta property=\"og:locale\" content=\"fr_FR\" \/>\n<meta property=\"og:type\" content=\"article\" \/>\n<meta property=\"og:title\" content=\"Services juridiques gratuits - Community Legal Services of Ottawa \/ Services juridiques communautaires d&#039;Ottawa\" \/>\n<meta property=\"og:description\" content=\"Tous les services que nous fournissons sont gratuits. Cependant, si vous en avez les moyens, nous vous demanderons de nous rembourser lorsque nous aurons \u00e0 payer les choses n\u00e9cessaires pour vous aider dans votre cas: par exemple, un rapport m\u00e9dical ou les frais de proc\u00e8s.\" \/>\n<meta property=\"og:url\" content=\"https:\/\/www.clsottawa.ca\/fr\/a-propos-de-notre-clinique-juridique\/services-juridiques-gratuits\/\" \/>\n<meta property=\"og:site_name\" content=\"Community Legal Services of Ottawa \/ Services juridiques communautaires d&#039;Ottawa\" \/>\n<meta property=\"article:modified_time\" content=\"2019-09-10T17:49:28+00:00\" \/>\n<meta name=\"twitter:card\" content=\"summary_large_image\" \/>\n<script type=\"application\/ld+json\" class=\"yoast-schema-graph\">{\"@context\":\"https:\/\/schema.org\",\"@graph\":[{\"@type\":\"WebPage\",\"@id\":\"https:\/\/www.clsottawa.ca\/fr\/a-propos-de-notre-clinique-juridique\/services-juridiques-gratuits\/\",\"url\":\"https:\/\/www.clsottawa.ca\/fr\/a-propos-de-notre-clinique-juridique\/services-juridiques-gratuits\/\",\"name\":\"Services juridiques gratuits - Community Legal Services of Ottawa \/ Services juridiques communautaires d&#039;Ottawa\",\"isPartOf\":{\"@id\":\"https:\/\/www.clsottawa.ca\/#website\"},\"datePublished\":\"2019-09-10T17:47:42+00:00\",\"dateModified\":\"2019-09-10T17:49:28+00:00\",\"breadcrumb\":{\"@id\":\"https:\/\/www.clsottawa.ca\/fr\/a-propos-de-notre-clinique-juridique\/services-juridiques-gratuits\/#breadcrumb\"},\"inLanguage\":\"fr-FR\",\"potentialAction\":[{\"@type\":\"ReadAction\",\"target\":[\"https:\/\/www.clsottawa.ca\/fr\/a-propos-de-notre-clinique-juridique\/services-juridiques-gratuits\/\"]}]},{\"@type\":\"BreadcrumbList\",\"@id\":\"https:\/\/www.clsottawa.ca\/fr\/a-propos-de-notre-clinique-juridique\/services-juridiques-gratuits\/#breadcrumb\",\"itemListElement\":[{\"@type\":\"ListItem\",\"position\":1,\"name\":\"Home\",\"item\":\"https:\/\/www.clsottawa.ca\/fr\/\"},{\"@type\":\"ListItem\",\"position\":2,\"name\":\"\u00c0 propos de notre clinique juridique\",\"item\":\"https:\/\/www.clsottawa.ca\/fr\/a-propos-de-notre-clinique-juridique\/\"},{\"@type\":\"ListItem\",\"position\":3,\"name\":\"Services juridiques gratuits\"}]},{\"@type\":\"WebSite\",\"@id\":\"https:\/\/www.clsottawa.ca\/#website\",\"url\":\"https:\/\/www.clsottawa.ca\/\",\"name\":\"Community Legal Services of Ottawa \/ Services juridiques communautaires d&#039;Ottawa\",\"description\":\"\",\"potentialAction\":[{\"@type\":\"SearchAction\",\"target\":{\"@type\":\"EntryPoint\",\"urlTemplate\":\"https:\/\/www.clsottawa.ca\/?s={search_term_string}\"},\"query-input\":{\"@type\":\"PropertyValueSpecification\",\"valueRequired\":true,\"valueName\":\"search_term_string\"}}],\"inLanguage\":\"fr-FR\"}]}<\/script>\n<!-- \/ Yoast SEO plugin. -->","yoast_head_json":{"title":"Services juridiques gratuits - Community Legal Services of Ottawa \/ Services juridiques communautaires d&#039;Ottawa","robots":{"index":"index","follow":"follow","max-snippet":"max-snippet:-1","max-image-preview":"max-image-preview:large","max-video-preview":"max-video-preview:-1"},"canonical":"https:\/\/www.clsottawa.ca\/fr\/a-propos-de-notre-clinique-juridique\/services-juridiques-gratuits\/","og_locale":"fr_FR","og_type":"article","og_title":"Services juridiques gratuits - Community Legal Services of Ottawa \/ Services juridiques communautaires d&#039;Ottawa","og_description":"Tous les services que nous fournissons sont gratuits. Cependant, si vous en avez les moyens, nous vous demanderons de nous rembourser lorsque nous aurons \u00e0 payer les choses n\u00e9cessaires pour vous aider dans votre cas: par exemple, un rapport m\u00e9dical ou les frais de proc\u00e8s.","og_url":"https:\/\/www.clsottawa.ca\/fr\/a-propos-de-notre-clinique-juridique\/services-juridiques-gratuits\/","og_site_name":"Community Legal Services of Ottawa \/ Services juridiques communautaires d&#039;Ottawa","article_modified_time":"2019-09-10T17:49:28+00:00","twitter_card":"summary_large_image","schema":{"@context":"https:\/\/schema.org","@graph":[{"@type":"WebPage","@id":"https:\/\/www.clsottawa.ca\/fr\/a-propos-de-notre-clinique-juridique\/services-juridiques-gratuits\/","url":"https:\/\/www.clsottawa.ca\/fr\/a-propos-de-notre-clinique-juridique\/services-juridiques-gratuits\/","name":"Services juridiques gratuits - Community Legal Services of Ottawa \/ Services juridiques communautaires d&#039;Ottawa","isPartOf":{"@id":"https:\/\/www.clsottawa.ca\/#website"},"datePublished":"2019-09-10T17:47:42+00:00","dateModified":"2019-09-10T17:49:28+00:00","breadcrumb":{"@id":"https:\/\/www.clsottawa.ca\/fr\/a-propos-de-notre-clinique-juridique\/services-juridiques-gratuits\/#breadcrumb"},"inLanguage":"fr-FR","potentialAction":[{"@type":"ReadAction","target":["https:\/\/www.clsottawa.ca\/fr\/a-propos-de-notre-clinique-juridique\/services-juridiques-gratuits\/"]}]},{"@type":"BreadcrumbList","@id":"https:\/\/www.clsottawa.ca\/fr\/a-propos-de-notre-clinique-juridique\/services-juridiques-gratuits\/#breadcrumb","itemListElement":[{"@type":"ListItem","position":1,"name":"Home","item":"https:\/\/www.clsottawa.ca\/fr\/"},{"@type":"ListItem","position":2,"name":"\u00c0 propos de notre clinique juridique","item":"https:\/\/www.clsottawa.ca\/fr\/a-propos-de-notre-clinique-juridique\/"},{"@type":"ListItem","position":3,"name":"Services juridiques gratuits"}]},{"@type":"WebSite","@id":"https:\/\/www.clsottawa.ca\/#website","url":"https:\/\/www.clsottawa.ca\/","name":"Community Legal Services of Ottawa \/ Services juridiques communautaires d&#039;Ottawa","description":"","potentialAction":[{"@type":"SearchAction","target":{"@type":"EntryPoint","urlTemplate":"https:\/\/www.clsottawa.ca\/?s={search_term_string}"},"query-input":{"@type":"PropertyValueSpecification","valueRequired":true,"valueName":"search_term_string"}}],"inLanguage":"fr-FR"}]}},"_links":{"self":[{"href":"https:\/\/www.clsottawa.ca\/fr\/wp-json\/wp\/v2\/pages\/1228","targetHints":{"allow":["GET"]}}],"collection":[{"href":"https:\/\/www.clsottawa.ca\/fr\/wp-json\/wp\/v2\/pages"}],"about":[{"href":"https:\/\/www.clsottawa.ca\/fr\/wp-json\/wp\/v2\/types\/page"}],"author":[{"embeddable":true,"href":"https:\/\/www.clsottawa.ca\/fr\/wp-json\/wp\/v2\/users\/5"}],"replies":[{"embeddable":true,"href":"https:\/\/www.clsottawa.ca\/fr\/wp-json\/wp\/v2\/comments?post=1228"}],"version-history":[{"count":1,"href":"https:\/\/www.clsottawa.ca\/fr\/wp-json\/wp\/v2\/pages\/1228\/revisions"}],"predecessor-version":[{"id":1229,"href":"https:\/\/www.clsottawa.ca\/fr\/wp-json\/wp\/v2\/pages\/1228\/revisions\/1229"}],"up":[{"embeddable":true,"href":"https:\/\/www.clsottawa.ca\/fr\/wp-json\/wp\/v2\/pages\/1204"}],"wp:attachment":[{"href":"https:\/\/www.clsottawa.ca\/fr\/wp-json\/wp\/v2\/media?parent=1228"}],"curies":[{"name":"wp","href":"https:\/\/api.w.org\/{rel}","templated":true}]}}