{"id":1212,"date":"2019-09-09T16:22:15","date_gmt":"2019-09-09T20:22:15","guid":{"rendered":"http:\/\/ottawaclc.turnbull.co\/?page_id=1212"},"modified":"2022-01-27T11:02:59","modified_gmt":"2022-01-27T16:02:59","slug":"admissibilite-financiere","status":"publish","type":"page","link":"https:\/\/www.clsottawa.ca\/fr\/a-propos-de-notre-clinique-juridique\/admissibilite-financiere\/","title":{"rendered":"Admissibilit\u00e9 financi\u00e8re"},"content":{"rendered":"<p>Nous pouvons vous aider si vous avez un faible revenu. Cependant, nous pourrons peut-\u00eatre vous fournir des conseils sommaires m\u00eame si votre revenu est sup\u00e9rieur \u00e0 nos limites, alors contactez-nous.<\/p>\n<p>L\u2019admissibilit\u00e9 financi\u00e8re d\u00e9pend principalement de la taille et du revenu de la famille. L\u2019admissibilit\u00e9 d\u00e9pend \u00e9galement\u00a0 les atouts que vous poss\u00e9dez. Par exemple, une personne c\u00e9libataire sans enfant pourrait avoir un revenu pouvant atteindre 22 720 $ par an. Un parent c\u00e9libataire avec deux enfants pourrait avoir un revenu familial pouvant atteindre 39,352 $ par an. Pour voir si vous \u00eates admissible, <a href=\"https:\/\/www.legalaid.on.ca\/wp-content\/uploads\/ESP-financial-eligibility-testing-policy-FR.pdf\" target=\"_blank\" rel=\"noopener noreferrer\">cliquez ici<\/a> et consultez les renseignements sur les pages 6 et 7.<\/p>\n<p>Si votre source de revenu principale est l&rsquo;une des suivantes, vous \u00eates automatiquement admissible financi\u00e8rement \u00e0 nos services:<\/p>\n<ul>\n<li>Ontario au travail (OT)<\/li>\n<li>Programme ontarien de soutien aux personnes handicap\u00e9es (POSPH)<\/li>\n<li>Pension de s\u00e9curit\u00e9 de la vieillesse avec suppl\u00e9ment de revenu garanti<\/li>\n<li>Allocation aux anciens combattants<\/li>\n<li>R\u00e9gime de pensions du Canada<\/li>\n<li>Commission de la s\u00e9curit\u00e9 professionnelle et de l&rsquo;assurance contre les accidents du travail (CSPAAT)<\/li>\n<\/ul>\n","protected":false},"excerpt":{"rendered":"<p>Nous pouvons vous aider si vous avez un faible revenu. Cependant, nous pourrons peut-\u00eatre vous fournir des conseils sommaires m\u00eame si votre revenu est sup\u00e9rieur \u00e0 nos limites, alors contactez-nous.<br \/>\nL\u2019admissibilit\u00e9 financi\u00e8re d\u00e9pend principalement de la taille et du revenu de la famille. L\u2019admissibilit\u00e9 d\u00e9pend \u00e9galement\u00a0 les atouts que vous poss\u00e9dez.<\/p>\n","protected":false},"author":5,"featured_media":0,"parent":1204,"menu_order":0,"comment_status":"closed","ping_status":"closed","template":"","meta":{"footnotes":""},"class_list":["post-1212","page","type-page","status-publish","hentry"],"yoast_head":"<!-- This site is optimized with the Yoast SEO plugin v27.0 - https:\/\/yoast.com\/product\/yoast-seo-wordpress\/ -->\n<title>Admissibilit\u00e9 financi\u00e8re - Community Legal Services of Ottawa \/ Services juridiques communautaires d&#039;Ottawa<\/title>\n<meta name=\"robots\" content=\"index, follow, max-snippet:-1, max-image-preview:large, max-video-preview:-1\" \/>\n<link rel=\"canonical\" href=\"https:\/\/www.clsottawa.ca\/fr\/a-propos-de-notre-clinique-juridique\/admissibilite-financiere\/\" \/>\n<meta property=\"og:locale\" content=\"fr_FR\" \/>\n<meta property=\"og:type\" content=\"article\" \/>\n<meta property=\"og:title\" content=\"Admissibilit\u00e9 financi\u00e8re - Community Legal Services of Ottawa \/ Services juridiques communautaires d&#039;Ottawa\" \/>\n<meta property=\"og:description\" content=\"Nous pouvons vous aider si vous avez un faible revenu. Cependant, nous pourrons peut-\u00eatre vous fournir des conseils sommaires m\u00eame si votre revenu est sup\u00e9rieur \u00e0 nos limites, alors contactez-nous. L\u2019admissibilit\u00e9 financi\u00e8re d\u00e9pend principalement de la taille et du revenu de la famille. L\u2019admissibilit\u00e9 d\u00e9pend \u00e9galement\u00a0 les atouts que vous poss\u00e9dez.\" \/>\n<meta property=\"og:url\" content=\"https:\/\/www.clsottawa.ca\/fr\/a-propos-de-notre-clinique-juridique\/admissibilite-financiere\/\" \/>\n<meta property=\"og:site_name\" content=\"Community Legal Services of Ottawa \/ Services juridiques communautaires d&#039;Ottawa\" \/>\n<meta property=\"article:modified_time\" content=\"2022-01-27T16:02:59+00:00\" \/>\n<meta name=\"twitter:card\" content=\"summary_large_image\" \/>\n<meta name=\"twitter:label1\" content=\"Dur\u00e9e de lecture estim\u00e9e\" \/>\n\t<meta name=\"twitter:data1\" content=\"1 minute\" \/>\n<script type=\"application\/ld+json\" class=\"yoast-schema-graph\">{\"@context\":\"https:\/\/schema.org\",\"@graph\":[{\"@type\":\"WebPage\",\"@id\":\"https:\/\/www.clsottawa.ca\/fr\/a-propos-de-notre-clinique-juridique\/admissibilite-financiere\/\",\"url\":\"https:\/\/www.clsottawa.ca\/fr\/a-propos-de-notre-clinique-juridique\/admissibilite-financiere\/\",\"name\":\"Admissibilit\u00e9 financi\u00e8re - Community Legal Services of Ottawa \/ Services juridiques communautaires d&#039;Ottawa\",\"isPartOf\":{\"@id\":\"https:\/\/www.clsottawa.ca\/#website\"},\"datePublished\":\"2019-09-09T20:22:15+00:00\",\"dateModified\":\"2022-01-27T16:02:59+00:00\",\"breadcrumb\":{\"@id\":\"https:\/\/www.clsottawa.ca\/fr\/a-propos-de-notre-clinique-juridique\/admissibilite-financiere\/#breadcrumb\"},\"inLanguage\":\"fr-FR\",\"potentialAction\":[{\"@type\":\"ReadAction\",\"target\":[\"https:\/\/www.clsottawa.ca\/fr\/a-propos-de-notre-clinique-juridique\/admissibilite-financiere\/\"]}]},{\"@type\":\"BreadcrumbList\",\"@id\":\"https:\/\/www.clsottawa.ca\/fr\/a-propos-de-notre-clinique-juridique\/admissibilite-financiere\/#breadcrumb\",\"itemListElement\":[{\"@type\":\"ListItem\",\"position\":1,\"name\":\"Home\",\"item\":\"https:\/\/www.clsottawa.ca\/fr\/\"},{\"@type\":\"ListItem\",\"position\":2,\"name\":\"\u00c0 propos de notre clinique juridique\",\"item\":\"https:\/\/www.clsottawa.ca\/fr\/a-propos-de-notre-clinique-juridique\/\"},{\"@type\":\"ListItem\",\"position\":3,\"name\":\"Admissibilit\u00e9 financi\u00e8re\"}]},{\"@type\":\"WebSite\",\"@id\":\"https:\/\/www.clsottawa.ca\/#website\",\"url\":\"https:\/\/www.clsottawa.ca\/\",\"name\":\"Community Legal Services of Ottawa \/ Services juridiques communautaires d&#039;Ottawa\",\"description\":\"\",\"potentialAction\":[{\"@type\":\"SearchAction\",\"target\":{\"@type\":\"EntryPoint\",\"urlTemplate\":\"https:\/\/www.clsottawa.ca\/?s={search_term_string}\"},\"query-input\":{\"@type\":\"PropertyValueSpecification\",\"valueRequired\":true,\"valueName\":\"search_term_string\"}}],\"inLanguage\":\"fr-FR\"}]}<\/script>\n<!-- \/ Yoast SEO plugin. -->","yoast_head_json":{"title":"Admissibilit\u00e9 financi\u00e8re - Community Legal Services of Ottawa \/ Services juridiques communautaires d&#039;Ottawa","robots":{"index":"index","follow":"follow","max-snippet":"max-snippet:-1","max-image-preview":"max-image-preview:large","max-video-preview":"max-video-preview:-1"},"canonical":"https:\/\/www.clsottawa.ca\/fr\/a-propos-de-notre-clinique-juridique\/admissibilite-financiere\/","og_locale":"fr_FR","og_type":"article","og_title":"Admissibilit\u00e9 financi\u00e8re - Community Legal Services of Ottawa \/ Services juridiques communautaires d&#039;Ottawa","og_description":"Nous pouvons vous aider si vous avez un faible revenu. Cependant, nous pourrons peut-\u00eatre vous fournir des conseils sommaires m\u00eame si votre revenu est sup\u00e9rieur \u00e0 nos limites, alors contactez-nous. L\u2019admissibilit\u00e9 financi\u00e8re d\u00e9pend principalement de la taille et du revenu de la famille. L\u2019admissibilit\u00e9 d\u00e9pend \u00e9galement\u00a0 les atouts que vous poss\u00e9dez.","og_url":"https:\/\/www.clsottawa.ca\/fr\/a-propos-de-notre-clinique-juridique\/admissibilite-financiere\/","og_site_name":"Community Legal Services of Ottawa \/ Services juridiques communautaires d&#039;Ottawa","article_modified_time":"2022-01-27T16:02:59+00:00","twitter_card":"summary_large_image","twitter_misc":{"Dur\u00e9e de lecture estim\u00e9e":"1 minute"},"schema":{"@context":"https:\/\/schema.org","@graph":[{"@type":"WebPage","@id":"https:\/\/www.clsottawa.ca\/fr\/a-propos-de-notre-clinique-juridique\/admissibilite-financiere\/","url":"https:\/\/www.clsottawa.ca\/fr\/a-propos-de-notre-clinique-juridique\/admissibilite-financiere\/","name":"Admissibilit\u00e9 financi\u00e8re - Community Legal Services of Ottawa \/ Services juridiques communautaires d&#039;Ottawa","isPartOf":{"@id":"https:\/\/www.clsottawa.ca\/#website"},"datePublished":"2019-09-09T20:22:15+00:00","dateModified":"2022-01-27T16:02:59+00:00","breadcrumb":{"@id":"https:\/\/www.clsottawa.ca\/fr\/a-propos-de-notre-clinique-juridique\/admissibilite-financiere\/#breadcrumb"},"inLanguage":"fr-FR","potentialAction":[{"@type":"ReadAction","target":["https:\/\/www.clsottawa.ca\/fr\/a-propos-de-notre-clinique-juridique\/admissibilite-financiere\/"]}]},{"@type":"BreadcrumbList","@id":"https:\/\/www.clsottawa.ca\/fr\/a-propos-de-notre-clinique-juridique\/admissibilite-financiere\/#breadcrumb","itemListElement":[{"@type":"ListItem","position":1,"name":"Home","item":"https:\/\/www.clsottawa.ca\/fr\/"},{"@type":"ListItem","position":2,"name":"\u00c0 propos de notre clinique juridique","item":"https:\/\/www.clsottawa.ca\/fr\/a-propos-de-notre-clinique-juridique\/"},{"@type":"ListItem","position":3,"name":"Admissibilit\u00e9 financi\u00e8re"}]},{"@type":"WebSite","@id":"https:\/\/www.clsottawa.ca\/#website","url":"https:\/\/www.clsottawa.ca\/","name":"Community Legal Services of Ottawa \/ Services juridiques communautaires d&#039;Ottawa","description":"","potentialAction":[{"@type":"SearchAction","target":{"@type":"EntryPoint","urlTemplate":"https:\/\/www.clsottawa.ca\/?s={search_term_string}"},"query-input":{"@type":"PropertyValueSpecification","valueRequired":true,"valueName":"search_term_string"}}],"inLanguage":"fr-FR"}]}},"_links":{"self":[{"href":"https:\/\/www.clsottawa.ca\/fr\/wp-json\/wp\/v2\/pages\/1212","targetHints":{"allow":["GET"]}}],"collection":[{"href":"https:\/\/www.clsottawa.ca\/fr\/wp-json\/wp\/v2\/pages"}],"about":[{"href":"https:\/\/www.clsottawa.ca\/fr\/wp-json\/wp\/v2\/types\/page"}],"author":[{"embeddable":true,"href":"https:\/\/www.clsottawa.ca\/fr\/wp-json\/wp\/v2\/users\/5"}],"replies":[{"embeddable":true,"href":"https:\/\/www.clsottawa.ca\/fr\/wp-json\/wp\/v2\/comments?post=1212"}],"version-history":[{"count":9,"href":"https:\/\/www.clsottawa.ca\/fr\/wp-json\/wp\/v2\/pages\/1212\/revisions"}],"predecessor-version":[{"id":2127,"href":"https:\/\/www.clsottawa.ca\/fr\/wp-json\/wp\/v2\/pages\/1212\/revisions\/2127"}],"up":[{"embeddable":true,"href":"https:\/\/www.clsottawa.ca\/fr\/wp-json\/wp\/v2\/pages\/1204"}],"wp:attachment":[{"href":"https:\/\/www.clsottawa.ca\/fr\/wp-json\/wp\/v2\/media?parent=1212"}],"curies":[{"name":"wp","href":"https:\/\/api.w.org\/{rel}","templated":true}]}}