{"id":1210,"date":"2019-09-09T16:19:05","date_gmt":"2019-09-09T20:19:05","guid":{"rendered":"http:\/\/ottawaclc.turnbull.co\/?page_id=1210"},"modified":"2019-09-10T13:41:53","modified_gmt":"2019-09-10T17:41:53","slug":"confidentialite","status":"publish","type":"page","link":"https:\/\/www.clsottawa.ca\/fr\/a-propos-de-notre-clinique-juridique\/confidentialite\/","title":{"rendered":"Confidentialit\u00e9"},"content":{"rendered":"<p>Toutes les informations que vous nous donnez au sujet de votre probl\u00e8me juridique sont confidentielles &#8211; que nous vous fournissions des conseils, que vous soyez r\u00e9f\u00e9r\u00e9 ailleurs et que nous vous repr\u00e9sentions devant une cour ou un tribunal. Les seules exceptions sont les suivantes: si nous entendons des informations indiquant un risque de pr\u00e9judice grave pour vous ou pour autrui, ou si nous recevons une demande d\u2019informations financi\u00e8res de la part d\u2019Aide juridique de l\u2019Ontario pour d\u00e9montrer que vous \u00eates admissible \u00e0 nos services.<\/p>\n","protected":false},"excerpt":{"rendered":"<p>Toutes les informations que vous nous donnez au sujet de votre probl\u00e8me juridique sont confidentielles &#8211; que nous vous fournissions des conseils, que vous soyez r\u00e9f\u00e9r\u00e9 ailleurs et que nous vous repr\u00e9sentions devant une cour ou un tribunal. Les seules exceptions sont les suivantes: si nous entendons des informations indiquant un risque de pr\u00e9judice grave pour vous ou pour autrui,<\/p>\n","protected":false},"author":5,"featured_media":0,"parent":1204,"menu_order":0,"comment_status":"closed","ping_status":"closed","template":"","meta":{"footnotes":""},"class_list":["post-1210","page","type-page","status-publish","hentry"],"yoast_head":"<!-- This site is optimized with the Yoast SEO plugin v27.0 - https:\/\/yoast.com\/product\/yoast-seo-wordpress\/ -->\n<title>Confidentialit\u00e9 - Community Legal Services of Ottawa \/ Services juridiques communautaires d&#039;Ottawa<\/title>\n<meta name=\"robots\" content=\"index, follow, max-snippet:-1, max-image-preview:large, max-video-preview:-1\" \/>\n<link rel=\"canonical\" href=\"https:\/\/www.clsottawa.ca\/fr\/a-propos-de-notre-clinique-juridique\/confidentialite\/\" \/>\n<meta property=\"og:locale\" content=\"fr_FR\" \/>\n<meta property=\"og:type\" content=\"article\" \/>\n<meta property=\"og:title\" content=\"Confidentialit\u00e9 - Community Legal Services of Ottawa \/ Services juridiques communautaires d&#039;Ottawa\" \/>\n<meta property=\"og:description\" content=\"Toutes les informations que vous nous donnez au sujet de votre probl\u00e8me juridique sont confidentielles &#8211; que nous vous fournissions des conseils, que vous soyez r\u00e9f\u00e9r\u00e9 ailleurs et que nous vous repr\u00e9sentions devant une cour ou un tribunal. Les seules exceptions sont les suivantes: si nous entendons des informations indiquant un risque de pr\u00e9judice grave pour vous ou pour autrui,\" \/>\n<meta property=\"og:url\" content=\"https:\/\/www.clsottawa.ca\/fr\/a-propos-de-notre-clinique-juridique\/confidentialite\/\" \/>\n<meta property=\"og:site_name\" content=\"Community Legal Services of Ottawa \/ Services juridiques communautaires d&#039;Ottawa\" \/>\n<meta property=\"article:modified_time\" content=\"2019-09-10T17:41:53+00:00\" \/>\n<meta name=\"twitter:card\" content=\"summary_large_image\" \/>\n<script type=\"application\/ld+json\" class=\"yoast-schema-graph\">{\"@context\":\"https:\/\/schema.org\",\"@graph\":[{\"@type\":\"WebPage\",\"@id\":\"https:\/\/www.clsottawa.ca\/fr\/a-propos-de-notre-clinique-juridique\/confidentialite\/\",\"url\":\"https:\/\/www.clsottawa.ca\/fr\/a-propos-de-notre-clinique-juridique\/confidentialite\/\",\"name\":\"Confidentialit\u00e9 - Community Legal Services of Ottawa \/ Services juridiques communautaires d&#039;Ottawa\",\"isPartOf\":{\"@id\":\"https:\/\/www.clsottawa.ca\/#website\"},\"datePublished\":\"2019-09-09T20:19:05+00:00\",\"dateModified\":\"2019-09-10T17:41:53+00:00\",\"breadcrumb\":{\"@id\":\"https:\/\/www.clsottawa.ca\/fr\/a-propos-de-notre-clinique-juridique\/confidentialite\/#breadcrumb\"},\"inLanguage\":\"fr-FR\",\"potentialAction\":[{\"@type\":\"ReadAction\",\"target\":[\"https:\/\/www.clsottawa.ca\/fr\/a-propos-de-notre-clinique-juridique\/confidentialite\/\"]}]},{\"@type\":\"BreadcrumbList\",\"@id\":\"https:\/\/www.clsottawa.ca\/fr\/a-propos-de-notre-clinique-juridique\/confidentialite\/#breadcrumb\",\"itemListElement\":[{\"@type\":\"ListItem\",\"position\":1,\"name\":\"Home\",\"item\":\"https:\/\/www.clsottawa.ca\/fr\/\"},{\"@type\":\"ListItem\",\"position\":2,\"name\":\"\u00c0 propos de notre clinique juridique\",\"item\":\"https:\/\/www.clsottawa.ca\/fr\/a-propos-de-notre-clinique-juridique\/\"},{\"@type\":\"ListItem\",\"position\":3,\"name\":\"Confidentialit\u00e9\"}]},{\"@type\":\"WebSite\",\"@id\":\"https:\/\/www.clsottawa.ca\/#website\",\"url\":\"https:\/\/www.clsottawa.ca\/\",\"name\":\"Community Legal Services of Ottawa \/ Services juridiques communautaires d&#039;Ottawa\",\"description\":\"\",\"potentialAction\":[{\"@type\":\"SearchAction\",\"target\":{\"@type\":\"EntryPoint\",\"urlTemplate\":\"https:\/\/www.clsottawa.ca\/?s={search_term_string}\"},\"query-input\":{\"@type\":\"PropertyValueSpecification\",\"valueRequired\":true,\"valueName\":\"search_term_string\"}}],\"inLanguage\":\"fr-FR\"}]}<\/script>\n<!-- \/ Yoast SEO plugin. -->","yoast_head_json":{"title":"Confidentialit\u00e9 - Community Legal Services of Ottawa \/ Services juridiques communautaires d&#039;Ottawa","robots":{"index":"index","follow":"follow","max-snippet":"max-snippet:-1","max-image-preview":"max-image-preview:large","max-video-preview":"max-video-preview:-1"},"canonical":"https:\/\/www.clsottawa.ca\/fr\/a-propos-de-notre-clinique-juridique\/confidentialite\/","og_locale":"fr_FR","og_type":"article","og_title":"Confidentialit\u00e9 - Community Legal Services of Ottawa \/ Services juridiques communautaires d&#039;Ottawa","og_description":"Toutes les informations que vous nous donnez au sujet de votre probl\u00e8me juridique sont confidentielles &#8211; que nous vous fournissions des conseils, que vous soyez r\u00e9f\u00e9r\u00e9 ailleurs et que nous vous repr\u00e9sentions devant une cour ou un tribunal. Les seules exceptions sont les suivantes: si nous entendons des informations indiquant un risque de pr\u00e9judice grave pour vous ou pour autrui,","og_url":"https:\/\/www.clsottawa.ca\/fr\/a-propos-de-notre-clinique-juridique\/confidentialite\/","og_site_name":"Community Legal Services of Ottawa \/ Services juridiques communautaires d&#039;Ottawa","article_modified_time":"2019-09-10T17:41:53+00:00","twitter_card":"summary_large_image","schema":{"@context":"https:\/\/schema.org","@graph":[{"@type":"WebPage","@id":"https:\/\/www.clsottawa.ca\/fr\/a-propos-de-notre-clinique-juridique\/confidentialite\/","url":"https:\/\/www.clsottawa.ca\/fr\/a-propos-de-notre-clinique-juridique\/confidentialite\/","name":"Confidentialit\u00e9 - Community Legal Services of Ottawa \/ Services juridiques communautaires d&#039;Ottawa","isPartOf":{"@id":"https:\/\/www.clsottawa.ca\/#website"},"datePublished":"2019-09-09T20:19:05+00:00","dateModified":"2019-09-10T17:41:53+00:00","breadcrumb":{"@id":"https:\/\/www.clsottawa.ca\/fr\/a-propos-de-notre-clinique-juridique\/confidentialite\/#breadcrumb"},"inLanguage":"fr-FR","potentialAction":[{"@type":"ReadAction","target":["https:\/\/www.clsottawa.ca\/fr\/a-propos-de-notre-clinique-juridique\/confidentialite\/"]}]},{"@type":"BreadcrumbList","@id":"https:\/\/www.clsottawa.ca\/fr\/a-propos-de-notre-clinique-juridique\/confidentialite\/#breadcrumb","itemListElement":[{"@type":"ListItem","position":1,"name":"Home","item":"https:\/\/www.clsottawa.ca\/fr\/"},{"@type":"ListItem","position":2,"name":"\u00c0 propos de notre clinique juridique","item":"https:\/\/www.clsottawa.ca\/fr\/a-propos-de-notre-clinique-juridique\/"},{"@type":"ListItem","position":3,"name":"Confidentialit\u00e9"}]},{"@type":"WebSite","@id":"https:\/\/www.clsottawa.ca\/#website","url":"https:\/\/www.clsottawa.ca\/","name":"Community Legal Services of Ottawa \/ Services juridiques communautaires d&#039;Ottawa","description":"","potentialAction":[{"@type":"SearchAction","target":{"@type":"EntryPoint","urlTemplate":"https:\/\/www.clsottawa.ca\/?s={search_term_string}"},"query-input":{"@type":"PropertyValueSpecification","valueRequired":true,"valueName":"search_term_string"}}],"inLanguage":"fr-FR"}]}},"_links":{"self":[{"href":"https:\/\/www.clsottawa.ca\/fr\/wp-json\/wp\/v2\/pages\/1210","targetHints":{"allow":["GET"]}}],"collection":[{"href":"https:\/\/www.clsottawa.ca\/fr\/wp-json\/wp\/v2\/pages"}],"about":[{"href":"https:\/\/www.clsottawa.ca\/fr\/wp-json\/wp\/v2\/types\/page"}],"author":[{"embeddable":true,"href":"https:\/\/www.clsottawa.ca\/fr\/wp-json\/wp\/v2\/users\/5"}],"replies":[{"embeddable":true,"href":"https:\/\/www.clsottawa.ca\/fr\/wp-json\/wp\/v2\/comments?post=1210"}],"version-history":[{"count":1,"href":"https:\/\/www.clsottawa.ca\/fr\/wp-json\/wp\/v2\/pages\/1210\/revisions"}],"predecessor-version":[{"id":1211,"href":"https:\/\/www.clsottawa.ca\/fr\/wp-json\/wp\/v2\/pages\/1210\/revisions\/1211"}],"up":[{"embeddable":true,"href":"https:\/\/www.clsottawa.ca\/fr\/wp-json\/wp\/v2\/pages\/1204"}],"wp:attachment":[{"href":"https:\/\/www.clsottawa.ca\/fr\/wp-json\/wp\/v2\/media?parent=1210"}],"curies":[{"name":"wp","href":"https:\/\/api.w.org\/{rel}","templated":true}]}}